{"id":5,"date":"2010-06-14T23:33:29","date_gmt":"2010-06-14T23:33:29","guid":{"rendered":"https:\/\/samonatura.com\/?page_id=2"},"modified":"2023-08-20T16:34:03","modified_gmt":"2023-08-20T15:34:03","slug":"over","status":"publish","type":"page","link":"https:\/\/samonatura.com\/pt\/over\/","title":{"rendered":"Quem somos"},"content":{"rendered":"<p><p style=\"text-align: justify;\">N\u00f3s somos a Martine e o Jos Pronk, vivemos desde 1998 em Portugal, perto da vila de Odemira. Aqui constru\u00edmos a nossa vacaria, que no in\u00edcio resumia-se a um peda\u00e7o de terreno, sem electricidade e \u00e1gua corrente. Constru\u00edmos uma sala de madeira de eucalipto e compr\u00e1mos uma caravana. Durante estes 12 anos que vivemos aqui, temos estado a trabalhar arduamente para obter progressos na vacaria e conseguimos um bom neg\u00f3cio.<\/p>\n<p><\/br><\/br><br \/>\n<style id=\"wp_carousel_dynamic_css1861\">.sp-wp-carousel-free-id-1861.wpcf-fancybox-wrapper .fancybox-bg{background: #0b0b0b;opacity: 0.8;}.sp-wp-carousel-free-id-1861.wpcf-fancybox-wrapper .fancybox-navigation .fancybox-button .wpcp-fancybox-nav-arrow i {color: #ccc;}.sp-wp-carousel-free-id-1861.wpcf-fancybox-wrapper .fancybox-navigation .fancybox-button .wpcp-fancybox-nav-arrow i:hover {color: #fff;}.sp-wp-carousel-free-id-1861.wpcf-fancybox-wrapper .fancybox-navigation .fancybox-button {background: #1e1e1e;}.sp-wp-carousel-free-id-1861.wpcf-fancybox-wrapper .fancybox-navigation .fancybox-button:hover {background: #1e1e1e;}#sp-wp-carousel-free-id-1861 .wpcp-swiper-dots {margin: 40px 0px 0px 0px;}.wpcp-wrapper-1861 .swiper-wrapper .swiper-slide-kenburn, .wpcp-wrapper-1861 .swiper-wrapper, .wpcp-wrapper-1861 .wpcpro-row{align-items: center;}#sp-wp-carousel-free-id-1861 .wpcp-single-item {box-shadow: 0px 0px 0px 0px #dddddd;transition: all .3s;margin: 0px;}#sp-wp-carousel-free-id-1861.swiper-flip .wpcp-single-item{margin: 0!important;}#sp-wp-carousel-free-id-1861 .wpcp-single-item:hover {box-shadow: 0px 0px 0px 0px #dddddd;}#sp-wp-carousel-free-id-1861.sp-wpcp-1861 .wpcp-single-item {border: 0px solid ;}#sp-wp-carousel-free-id-1861.sp-wpcp-1861 .swiper-button-prev,#sp-wp-carousel-free-id-1861.sp-wpcp-1861 .swiper-button-next,#sp-wp-carousel-free-id-1861.sp-wpcp-1861 .swiper-button-prev:hover,#sp-wp-carousel-free-id-1861.sp-wpcp-1861 .swiper-button-next:hover {background: none;border: none;font-size: 30px;}#sp-wp-carousel-free-id-1861.sp-wpcp-1861 .swiper-button-prev i,#sp-wp-carousel-free-id-1861.sp-wpcp-1861 .swiper-button-next i {color: #aaa;}#sp-wp-carousel-free-id-1861.sp-wpcp-1861 .swiper-button-prev i:hover,#sp-wp-carousel-free-id-1861.sp-wpcp-1861 .swiper-button-next i:hover {color: #178087;}#sp-wp-carousel-free-id-1861.sp-wpcp-1861 .wpcp-swiper-dots .swiper-pagination-bullet {background-color: #cccccc;}#sp-wp-carousel-free-id-1861.sp-wpcp-1861 .wpcp-swiper-dots .swiper-pagination-bullet.swiper-pagination-bullet-active {background-color: #178087;} #sp-wp-carousel-free-id-1861.sp-wpcp-1861.wpcp-image-carousel .wpcp-single-item:hover img, #sp-wp-carousel-free-id-1861.sp-wpcp-1861.wpcp-post-carousel .wpcp-single-item:hover img, #sp-wp-carousel-free-id-1861.sp-wpcp-1861.wpcp-product-carousel .wpcp-single-item:hover img{-webkit-transform: scale(1.2);-moz-transform: scale(1.2);transform: scale(1.2);}@media screen and (max-width: 479px) {#sp-wp-carousel-free-id-1861.nav-vertical-center {padding: 0;margin:0;}#sp-wp-carousel-free-id-1861.nav-vertical-center .wpcp-next-button,#sp-wp-carousel-free-id-1861.nav-vertical-center .wpcp-prev-button {display: none;}}#sp-wp-carousel-free-id-1861 .wpcpro-row>[class*=\"wpcpro-col-\"] { padding: 0 10px; padding-bottom: 20px;} #sp-wp-carousel-free-id-1861 .swiper-slide .single-item-fade:not(:last-child) { margin-right: 20px;}@media (min-width: 480px) { .wpcpro-row .wpcpro-col-sm-1 { flex: 0 0 100%; max-width: 100%; } .wpcpro-row .wpcpro-col-sm-2 { flex: 0 0 50%; max-width: 50%; } .wpcpro-row .wpcpro-col-sm-2-5 { flex: 0 0 75%; max-width: 75%; } .wpcpro-row .wpcpro-col-sm-3 { flex: 0 0 33.333%; max-width: 33.333%; } .wpcpro-row .wpcpro-col-sm-4 { flex: 0 0 25%; max-width: 25%; } .wpcpro-row .wpcpro-col-sm-5 { flex: 0 0 20%; max-width: 20%; } .wpcpro-row .wpcpro-col-sm-6 { flex: 0 0 16.66666666666667%; max-width: 16.66666666666667%; } .wpcpro-row .wpcpro-col-sm-7 { flex: 0 0 14.28571428%; max-width: 14.28571428%; } .wpcpro-row .wpcpro-col-sm-8 { flex: 0 0 12.5%; max-width: 12.5%; } } @media (max-width: 480px) { .wpcpro-row .wpcpro-col-xs-1 { flex: 0 0 100%; max-width: 100%; } .wpcpro-row .wpcpro-col-xs-2 { flex: 0 0 50%; max-width: 50%; } .wpcpro-row .wpcpro-col-xs-3 { flex: 0 0 33.222%; max-width: 33.222%; } .wpcpro-row .wpcpro-col-xs-4 { flex: 0 0 25%; max-width: 25%; } .wpcpro-row .wpcpro-col-xs-5 { flex: 0 0 20%; max-width: 20%; } .wpcpro-row .wpcpro-col-xs-6 { flex: 0 0 16.6667%; max-width: 16.6667%; } .wpcpro-row .wpcpro-col-xs-7 { flex: 0 0 14.28571428%; max-width: 14.28571428%; } .wpcpro-row .wpcpro-col-xs-8 { flex: 0 0 12.5%; max-width: 12.5%; } } @media (min-width: 736px) { .wpcpro-row .wpcpro-col-md-1 { flex: 0 0 100%; max-width: 100%; } .wpcpro-row .wpcpro-col-md-2 { flex: 0 0 50%; max-width: 50%; } .wpcpro-row .wpcpro-col-md-2-5 { flex: 0 0 75%; max-width: 75%; } .wpcpro-row .wpcpro-col-md-3 { flex: 0 0 33.333%; max-width: 33.333%; } .wpcpro-row .wpcpro-col-md-4 { flex: 0 0 25%; max-width: 25%; } .wpcpro-row .wpcpro-col-md-5 { flex: 0 0 20%; max-width: 20%; } .wpcpro-row .wpcpro-col-md-6 { flex: 0 0 16.66666666666667%; max-width: 16.66666666666667%; } .wpcpro-row .wpcpro-col-md-7 { flex: 0 0 14.28571428%; max-width: 14.28571428%; } .wpcpro-row .wpcpro-col-md-8 { flex: 0 0 12.5%; max-width: 12.5%; } } @media (min-width: 980px) { .wpcpro-row .wpcpro-col-lg-1 { flex: 0 0 100%; max-width: 100%; } .wpcpro-row .wpcpro-col-lg-2 { flex: 0 0 50%; max-width: 50%; } .wpcpro-row .wpcpro-col-lg-3 { flex: 0 0 33.222%; max-width: 33.222%; } .wpcpro-row .wpcpro-col-lg-4 { flex: 0 0 25%; max-width: 25%; } .wpcpro-row .wpcpro-col-lg-5 { flex: 0 0 20%; max-width: 20%; } .wpcpro-row .wpcpro-col-lg-6 { flex: 0 0 16.6667%; max-width: 16.6667%; } .wpcpro-row .wpcpro-col-lg-7 { flex: 0 0 14.28571428%; max-width: 14.28571428%; } .wpcpro-row .wpcpro-col-lg-8 { flex: 0 0 12.5%; max-width: 12.5%; } } @media (min-width: 1200px) { .wpcpro-row .wpcpro-col-xl-1 { flex: 0 0 100%; max-width: 100%; } .wpcpro-row .wpcpro-col-xl-2 { flex: 0 0 50%; max-width: 50%; } .wpcpro-row .wpcpro-col-xl-3 { flex: 0 0 33.22222222%; max-width: 33.22222222%; } .wpcpro-row .wpcpro-col-xl-4 { flex: 0 0 25%; max-width: 25%; } .wpcpro-row .wpcpro-col-xl-5 { flex: 0 0 20%; max-width: 20%; } .wpcpro-row .wpcpro-col-xl-6 { flex: 0 0 16.66667%; max-width: 16.66667%; } .wpcpro-row .wpcpro-col-xl-7 { flex: 0 0 14.28571428%; max-width: 14.28571428%; } .wpcpro-row .wpcpro-col-xl-8 { flex: 0 0 12.5%; max-width: 12.5%; } }<\/style><div class=\"wpcp-carousel-wrapper wpcp-wrapper-1861\">\n\t<div id=\"wpcp-preloader-1861\" class=\"wpcp-carousel-preloader\"><img decoding=\"async\" src=\"https:\/\/samonatura.com\/wp-content\/plugins\/wp-carousel-free\/public\/css\/spinner.svg\" alt=\"Preloader Image\" \/><\/div>\t<div class=\"wpcp-carousel-content-wrapper\">\n\t<div id=\"sp-wp-carousel-free-id-1861\" class=\"wpcp-carousel-section sp-wpcp-1861  nav-vertical-center wpcp-image-carousel wpcp-preloader wpcp-standard\" data-swiper='{ &quot;pagination_type&quot;: &quot;dots&quot;,&quot;accessibility&quot;:true, &quot;spaceBetween&quot;:20, &quot;arrows&quot;:true, &quot;freeMode&quot;: false, &quot;autoplay&quot;:true, &quot;effect&quot;: &quot;&quot;, &quot;centerMode&quot;: false, &quot;autoplaySpeed&quot;:3000, &quot;dots&quot;:true, &quot;infinite&quot;:true, &quot;speed&quot;:600, &quot;pauseOnHover&quot;:true,\n\t\t\t&quot;slidesToShow&quot;:{&quot;lg_desktop&quot;:4, &quot;desktop&quot;: 4, &quot;laptop&quot;: 3, &quot;tablet&quot;: 2, &quot;mobile&quot;: 1}, &quot;responsive&quot;:{&quot;desktop&quot;:1200, &quot;laptop&quot;: 980, &quot;tablet&quot;: 736, &quot;mobile&quot;: 480}, &quot;rtl&quot;:false, &quot;lazyLoad&quot;: &quot;false&quot;, &quot;swipe&quot;: true, &quot;draggable&quot;: true, &quot;swipeToSlide&quot;:false }' dir=\"ltr\">\n\t\t<div class=\"swiper-wrapper\">\n\t\t<div class=\"swiper-slide\">\n\t<div class=\"wpcp-single-item\">\n\t\t\t<div class=\"wpcp-slide-image\">\n\t\t<img loading=\"lazy\" decoding=\"async\" class=\"skip-lazy\" src=\"https:\/\/samonatura.com\/wp-content\/uploads\/2023\/08\/10-200x300.jpg\" alt=\"10\" width=\"200\" height=\"300\">\t<\/div>\n\t\t<\/div>\n<\/div>\n\t<div class=\"swiper-slide\">\n\t<div class=\"wpcp-single-item\">\n\t\t\t<div class=\"wpcp-slide-image\">\n\t\t<img loading=\"lazy\" decoding=\"async\" class=\"skip-lazy\" src=\"https:\/\/samonatura.com\/wp-content\/uploads\/2023\/08\/13-300x200.jpg\" alt=\"13\" width=\"300\" height=\"200\">\t<\/div>\n\t\t<\/div>\n<\/div>\n\t<div class=\"swiper-slide\">\n\t<div class=\"wpcp-single-item\">\n\t\t\t<div class=\"wpcp-slide-image\">\n\t\t<img loading=\"lazy\" decoding=\"async\" class=\"skip-lazy\" src=\"https:\/\/samonatura.com\/wp-content\/uploads\/2023\/08\/14-300x200.jpg\" alt=\"14\" width=\"300\" height=\"200\">\t<\/div>\n\t\t<\/div>\n<\/div>\n\t<div class=\"swiper-slide\">\n\t<div class=\"wpcp-single-item\">\n\t\t\t<div class=\"wpcp-slide-image\">\n\t\t<img loading=\"lazy\" decoding=\"async\" class=\"skip-lazy\" src=\"https:\/\/samonatura.com\/wp-content\/uploads\/2023\/08\/15-300x200.jpg\" alt=\"15\" width=\"300\" height=\"200\">\t<\/div>\n\t\t<\/div>\n<\/div>\n\t\t\t<\/div>\n\t\t\t\t\t<div class=\"wpcp-swiper-dots swiper-pagination\"><\/div>\n\t\t\t\t<!-- If we need navigation buttons -->\n\t\t\t\t\t<div class=\"wpcp-prev-button swiper-button-prev\"><i class=\"fa fa-angle-left\"><\/i><\/div>\n\t\t\t<div class=\"wpcp-next-button swiper-button-next\"><i class=\"fa fa-angle-right\"><\/i><\/div>\n\t\t\t<\/div>\n\t<\/div>\n<\/div>\n<br \/>\n<\/br><\/br><\/p>\n<p>N\u00f3s sentimos que j\u00e1 era hora de um novo desafio e assim apareceu a casa dum amigo\u00a0no nosso caminho. Foi constru\u00edda em 2001 e n\u00f3s compr\u00e1mo-la em 2006 e o nosso projecto \u00e9 transform\u00e1-la num belo resort naturista.<\/p>\n","protected":false},"excerpt":{"rendered":"<p><p style=\"text-align: justify;\">N\u00f3s somos a Martine e o Jos Pronk, vivemos desde 1998 em Portugal, perto da vila de Odemira. Aqui constru\u00edmos a nossa vacaria, que no in\u00edcio resumia-se a um peda\u00e7o de terreno, sem electricidade e \u00e1gua corrente. Constru\u00edmos uma sala de madeira de eucalipto e compr\u00e1mos uma caravana. Durante estes 12 anos que <span style=\"color:#777\"> . . . &rarr; Read More: <a href=\"https:\/\/samonatura.com\/pt\/over\/\">Quem somos<\/a><\/span><\/p>\n","protected":false},"author":1,"featured_media":0,"parent":0,"menu_order":1,"comment_status":"closed","ping_status":"closed","template":"","meta":{"footnotes":""},"class_list":["post-5","page","type-page","status-publish","hentry","odd"],"_links":{"self":[{"href":"https:\/\/samonatura.com\/pt\/wp-json\/wp\/v2\/pages\/5","targetHints":{"allow":["GET"]}}],"collection":[{"href":"https:\/\/samonatura.com\/pt\/wp-json\/wp\/v2\/pages"}],"about":[{"href":"https:\/\/samonatura.com\/pt\/wp-json\/wp\/v2\/types\/page"}],"author":[{"embeddable":true,"href":"https:\/\/samonatura.com\/pt\/wp-json\/wp\/v2\/users\/1"}],"replies":[{"embeddable":true,"href":"https:\/\/samonatura.com\/pt\/wp-json\/wp\/v2\/comments?post=5"}],"version-history":[{"count":0,"href":"https:\/\/samonatura.com\/pt\/wp-json\/wp\/v2\/pages\/5\/revisions"}],"wp:attachment":[{"href":"https:\/\/samonatura.com\/pt\/wp-json\/wp\/v2\/media?parent=5"}],"curies":[{"name":"wp","href":"https:\/\/api.w.org\/{rel}","templated":true}]}}