{"id":36,"date":"2010-06-15T10:43:37","date_gmt":"2010-06-15T10:43:37","guid":{"rendered":"https:\/\/samonatura.com\/?page_id=36"},"modified":"2025-10-07T08:20:25","modified_gmt":"2025-10-07T07:20:25","slug":"welkom","status":"publish","type":"page","link":"https:\/\/samonatura.com\/pt\/","title":{"rendered":"Bemvindos"},"content":{"rendered":"<p>\u00c9 muito bem-vindo para umas f\u00e9rias maravilhosas na nossa propriedade.<\/p>\n<p style=\"text-align: justify;\"><span style=\"color: #484848;\">Um peda\u00e7o de terra onde a paz e a natureza se unem, longe da vida quotidiana e principalmente onde pode desfrutar do sossego de um ambiente relaxante e ao mesmo tempo ter a oportunidade de andar ao natural. Este belo lugar situa-se contra uma vertente da montanha, aninhado numa paisagem pitoresca, t\u00edpica Alentejana e, tendo por isso, uma vista privilegiada e infind\u00e1vel sobre uma plan\u00edcie que desagua nas ondas do Oceano Atl\u00e2ntico. O nome SAMONATURA prov\u00eam do nome &#8220;Samouqueirinha&#8221; que \u00e9 um declive da cordilheira que percorre a Costa Alentejana&#8221;, sendo ent\u00e3o a primeira parte do nome &#8220;Samo&#8221; e porque lhe queremos oferecer uma estadia naturista batiz\u00e1mos de &#8220;SAMONATURA&#8221;.<\/p>\n<p><\/span><\/p>\n<p style=\"text-align: justify;\"><style id=\"wp_carousel_dynamic_css1850\">.sp-wp-carousel-free-id-1850.wpcf-fancybox-wrapper .fancybox-bg{background: #0b0b0b;opacity: 0.8;}.sp-wp-carousel-free-id-1850.wpcf-fancybox-wrapper .fancybox-navigation .fancybox-button .wpcp-fancybox-nav-arrow i {color: #ccc;}.sp-wp-carousel-free-id-1850.wpcf-fancybox-wrapper .fancybox-navigation .fancybox-button .wpcp-fancybox-nav-arrow i:hover {color: #fff;}.sp-wp-carousel-free-id-1850.wpcf-fancybox-wrapper .fancybox-navigation .fancybox-button {background: #1e1e1e;}.sp-wp-carousel-free-id-1850.wpcf-fancybox-wrapper .fancybox-navigation .fancybox-button:hover {background: #1e1e1e;}#sp-wp-carousel-free-id-1850 .wpcp-swiper-dots {margin: 40px 0px 0px 0px;}.wpcp-wrapper-1850 .swiper-wrapper .swiper-slide-kenburn, .wpcp-wrapper-1850 .swiper-wrapper, .wpcp-wrapper-1850 .wpcpro-row{align-items: center;}#sp-wp-carousel-free-id-1850 .wpcp-single-item {box-shadow: 0px 0px 0px 0px #dddddd;transition: all .3s;margin: 0px;}#sp-wp-carousel-free-id-1850.swiper-flip .wpcp-single-item{margin: 0!important;}#sp-wp-carousel-free-id-1850 .wpcp-single-item:hover {box-shadow: 0px 0px 0px 0px #dddddd;}#sp-wp-carousel-free-id-1850.sp-wpcp-1850 .wpcp-single-item {border: 0px solid ;}#sp-wp-carousel-free-id-1850.sp-wpcp-1850 .swiper-button-prev,#sp-wp-carousel-free-id-1850.sp-wpcp-1850 .swiper-button-next,#sp-wp-carousel-free-id-1850.sp-wpcp-1850 .swiper-button-prev:hover,#sp-wp-carousel-free-id-1850.sp-wpcp-1850 .swiper-button-next:hover {background: none;border: none;font-size: 30px;}#sp-wp-carousel-free-id-1850.sp-wpcp-1850 .swiper-button-prev i,#sp-wp-carousel-free-id-1850.sp-wpcp-1850 .swiper-button-next i {color: #aaa;}#sp-wp-carousel-free-id-1850.sp-wpcp-1850 .swiper-button-prev i:hover,#sp-wp-carousel-free-id-1850.sp-wpcp-1850 .swiper-button-next i:hover {color: #178087;}#sp-wp-carousel-free-id-1850.sp-wpcp-1850 .wpcp-swiper-dots .swiper-pagination-bullet {background-color: #cccccc;}#sp-wp-carousel-free-id-1850.sp-wpcp-1850 .wpcp-swiper-dots .swiper-pagination-bullet.swiper-pagination-bullet-active {background-color: #178087;} #sp-wp-carousel-free-id-1850.sp-wpcp-1850.wpcp-image-carousel .wpcp-single-item:hover img, #sp-wp-carousel-free-id-1850.sp-wpcp-1850.wpcp-post-carousel .wpcp-single-item:hover img, #sp-wp-carousel-free-id-1850.sp-wpcp-1850.wpcp-product-carousel .wpcp-single-item:hover img{-webkit-transform: scale(1.2);-moz-transform: scale(1.2);transform: scale(1.2);}@media screen and (max-width: 479px) {#sp-wp-carousel-free-id-1850.nav-vertical-center {padding: 0;margin:0;}#sp-wp-carousel-free-id-1850.nav-vertical-center .wpcp-next-button,#sp-wp-carousel-free-id-1850.nav-vertical-center .wpcp-prev-button {display: none;}}#sp-wp-carousel-free-id-1850 .wpcpro-row>[class*=\"wpcpro-col-\"] { padding: 0 2.5px; padding-bottom: 5px;} #sp-wp-carousel-free-id-1850 .swiper-slide .single-item-fade:not(:last-child) { margin-right: 5px;}@media (min-width: 480px) { .wpcpro-row .wpcpro-col-sm-1 { flex: 0 0 100%; max-width: 100%; } .wpcpro-row .wpcpro-col-sm-2 { flex: 0 0 50%; max-width: 50%; } .wpcpro-row .wpcpro-col-sm-2-5 { flex: 0 0 75%; max-width: 75%; } .wpcpro-row .wpcpro-col-sm-3 { flex: 0 0 33.333%; max-width: 33.333%; } .wpcpro-row .wpcpro-col-sm-4 { flex: 0 0 25%; max-width: 25%; } .wpcpro-row .wpcpro-col-sm-5 { flex: 0 0 20%; max-width: 20%; } .wpcpro-row .wpcpro-col-sm-6 { flex: 0 0 16.66666666666667%; max-width: 16.66666666666667%; } .wpcpro-row .wpcpro-col-sm-7 { flex: 0 0 14.28571428%; max-width: 14.28571428%; } .wpcpro-row .wpcpro-col-sm-8 { flex: 0 0 12.5%; max-width: 12.5%; } } @media (max-width: 480px) { .wpcpro-row .wpcpro-col-xs-1 { flex: 0 0 100%; max-width: 100%; } .wpcpro-row .wpcpro-col-xs-2 { flex: 0 0 50%; max-width: 50%; } .wpcpro-row .wpcpro-col-xs-3 { flex: 0 0 33.222%; max-width: 33.222%; } .wpcpro-row .wpcpro-col-xs-4 { flex: 0 0 25%; max-width: 25%; } .wpcpro-row .wpcpro-col-xs-5 { flex: 0 0 20%; max-width: 20%; } .wpcpro-row .wpcpro-col-xs-6 { flex: 0 0 16.6667%; max-width: 16.6667%; } .wpcpro-row .wpcpro-col-xs-7 { flex: 0 0 14.28571428%; max-width: 14.28571428%; } .wpcpro-row .wpcpro-col-xs-8 { flex: 0 0 12.5%; max-width: 12.5%; } } @media (min-width: 736px) { .wpcpro-row .wpcpro-col-md-1 { flex: 0 0 100%; max-width: 100%; } .wpcpro-row .wpcpro-col-md-2 { flex: 0 0 50%; max-width: 50%; } .wpcpro-row .wpcpro-col-md-2-5 { flex: 0 0 75%; max-width: 75%; } .wpcpro-row .wpcpro-col-md-3 { flex: 0 0 33.333%; max-width: 33.333%; } .wpcpro-row .wpcpro-col-md-4 { flex: 0 0 25%; max-width: 25%; } .wpcpro-row .wpcpro-col-md-5 { flex: 0 0 20%; max-width: 20%; } .wpcpro-row .wpcpro-col-md-6 { flex: 0 0 16.66666666666667%; max-width: 16.66666666666667%; } .wpcpro-row .wpcpro-col-md-7 { flex: 0 0 14.28571428%; max-width: 14.28571428%; } .wpcpro-row .wpcpro-col-md-8 { flex: 0 0 12.5%; max-width: 12.5%; } } @media (min-width: 980px) { .wpcpro-row .wpcpro-col-lg-1 { flex: 0 0 100%; max-width: 100%; } .wpcpro-row .wpcpro-col-lg-2 { flex: 0 0 50%; max-width: 50%; } .wpcpro-row .wpcpro-col-lg-3 { flex: 0 0 33.222%; max-width: 33.222%; } .wpcpro-row .wpcpro-col-lg-4 { flex: 0 0 25%; max-width: 25%; } .wpcpro-row .wpcpro-col-lg-5 { flex: 0 0 20%; max-width: 20%; } .wpcpro-row .wpcpro-col-lg-6 { flex: 0 0 16.6667%; max-width: 16.6667%; } .wpcpro-row .wpcpro-col-lg-7 { flex: 0 0 14.28571428%; max-width: 14.28571428%; } .wpcpro-row .wpcpro-col-lg-8 { flex: 0 0 12.5%; max-width: 12.5%; } } @media (min-width: 1200px) { .wpcpro-row .wpcpro-col-xl-1 { flex: 0 0 100%; max-width: 100%; } .wpcpro-row .wpcpro-col-xl-2 { flex: 0 0 50%; max-width: 50%; } .wpcpro-row .wpcpro-col-xl-3 { flex: 0 0 33.22222222%; max-width: 33.22222222%; } .wpcpro-row .wpcpro-col-xl-4 { flex: 0 0 25%; max-width: 25%; } .wpcpro-row .wpcpro-col-xl-5 { flex: 0 0 20%; max-width: 20%; } .wpcpro-row .wpcpro-col-xl-6 { flex: 0 0 16.66667%; max-width: 16.66667%; } .wpcpro-row .wpcpro-col-xl-7 { flex: 0 0 14.28571428%; max-width: 14.28571428%; } .wpcpro-row .wpcpro-col-xl-8 { flex: 0 0 12.5%; max-width: 12.5%; } }<\/style><div class=\"wpcp-carousel-wrapper wpcp-wrapper-1850\">\n\t<div id=\"wpcp-preloader-1850\" class=\"wpcp-carousel-preloader\"><img decoding=\"async\" src=\"https:\/\/samonatura.com\/wp-content\/plugins\/wp-carousel-free\/public\/css\/spinner.svg\" alt=\"Preloader Image\" \/><\/div>\t<div class=\"wpcp-carousel-content-wrapper\">\n\t<div id=\"sp-wp-carousel-free-id-1850\" class=\"wpcp-carousel-section sp-wpcp-1850  nav-vertical-center wpcp-image-carousel wpcp-preloader wpcp-standard\" data-swiper='{ &quot;pagination_type&quot;: &quot;dots&quot;,&quot;accessibility&quot;:true, &quot;spaceBetween&quot;:5, &quot;arrows&quot;:true, &quot;freeMode&quot;: false, &quot;autoplay&quot;:true, &quot;effect&quot;: &quot;&quot;, &quot;centerMode&quot;: false, &quot;autoplaySpeed&quot;:3000, &quot;dots&quot;:true, &quot;infinite&quot;:true, &quot;speed&quot;:600, &quot;pauseOnHover&quot;:true,\n\t\t\t&quot;slidesToShow&quot;:{&quot;lg_desktop&quot;:4, &quot;desktop&quot;: 4, &quot;laptop&quot;: 3, &quot;tablet&quot;: 2, &quot;mobile&quot;: 1}, &quot;responsive&quot;:{&quot;desktop&quot;:1200, &quot;laptop&quot;: 980, &quot;tablet&quot;: 736, &quot;mobile&quot;: 480}, &quot;rtl&quot;:false, &quot;lazyLoad&quot;: &quot;false&quot;, &quot;swipe&quot;: true, &quot;draggable&quot;: true, &quot;swipeToSlide&quot;:false }' dir=\"ltr\">\n\t\t<div class=\"swiper-wrapper\">\n\t\t<div class=\"swiper-slide\">\n\t<div class=\"wpcp-single-item\">\n\t\t\t<div class=\"wpcp-slide-image\">\n\t\t<img loading=\"lazy\" decoding=\"async\" class=\"skip-lazy\" src=\"https:\/\/samonatura.com\/wp-content\/uploads\/2023\/08\/1-300x200.jpg\" alt=\"1\" width=\"300\" height=\"200\">\t<\/div>\n\t\t<\/div>\n<\/div>\n\t<div class=\"swiper-slide\">\n\t<div class=\"wpcp-single-item\">\n\t\t\t<div class=\"wpcp-slide-image\">\n\t\t<img loading=\"lazy\" decoding=\"async\" class=\"skip-lazy\" src=\"https:\/\/samonatura.com\/wp-content\/uploads\/2023\/08\/2.jpg\" alt=\"2\" width=\"294\" height=\"196\">\t<\/div>\n\t\t<\/div>\n<\/div>\n\t<div class=\"swiper-slide\">\n\t<div class=\"wpcp-single-item\">\n\t\t\t<div class=\"wpcp-slide-image\">\n\t\t<img loading=\"lazy\" decoding=\"async\" class=\"skip-lazy\" src=\"https:\/\/samonatura.com\/wp-content\/uploads\/2023\/08\/4.jpg\" alt=\"4\" width=\"294\" height=\"196\">\t<\/div>\n\t\t<\/div>\n<\/div>\n\t<div class=\"swiper-slide\">\n\t<div class=\"wpcp-single-item\">\n\t\t\t<div class=\"wpcp-slide-image\">\n\t\t<img loading=\"lazy\" decoding=\"async\" class=\"skip-lazy\" src=\"https:\/\/samonatura.com\/wp-content\/uploads\/2023\/08\/5.jpg\" alt=\"5\" width=\"294\" height=\"196\">\t<\/div>\n\t\t<\/div>\n<\/div>\n\t<div class=\"swiper-slide\">\n\t<div class=\"wpcp-single-item\">\n\t\t\t<div class=\"wpcp-slide-image\">\n\t\t<img loading=\"lazy\" decoding=\"async\" class=\"skip-lazy\" src=\"https:\/\/samonatura.com\/wp-content\/uploads\/2023\/08\/7.jpg\" alt=\"7\" width=\"296\" height=\"198\">\t<\/div>\n\t\t<\/div>\n<\/div>\n\t<div class=\"swiper-slide\">\n\t<div class=\"wpcp-single-item\">\n\t\t\t<div class=\"wpcp-slide-image\">\n\t\t<img loading=\"lazy\" decoding=\"async\" class=\"skip-lazy\" src=\"https:\/\/samonatura.com\/wp-content\/uploads\/2023\/08\/8.jpg\" alt=\"8\" width=\"296\" height=\"198\">\t<\/div>\n\t\t<\/div>\n<\/div>\n\t<div class=\"swiper-slide\">\n\t<div class=\"wpcp-single-item\">\n\t\t\t<div class=\"wpcp-slide-image\">\n\t\t<img loading=\"lazy\" decoding=\"async\" class=\"skip-lazy\" src=\"https:\/\/samonatura.com\/wp-content\/uploads\/2023\/08\/9-300x225.jpg\" alt=\"9\" width=\"300\" height=\"225\">\t<\/div>\n\t\t<\/div>\n<\/div>\n\t<div class=\"swiper-slide\">\n\t<div class=\"wpcp-single-item\">\n\t\t\t<div class=\"wpcp-slide-image\">\n\t\t<img loading=\"lazy\" decoding=\"async\" class=\"skip-lazy\" src=\"https:\/\/samonatura.com\/wp-content\/uploads\/2023\/08\/uit-en-thuis_portugal_martine-en-jos_81-300x200.jpg\" alt=\"uit-en-thuis_portugal_martine-en-jos_81\" width=\"300\" height=\"200\">\t<\/div>\n\t\t<\/div>\n<\/div>\n\t\t\t<\/div>\n\t\t\t\t\t<div class=\"wpcp-swiper-dots swiper-pagination\"><\/div>\n\t\t\t\t<!-- If we need navigation buttons -->\n\t\t\t\t\t<div class=\"wpcp-prev-button swiper-button-prev\"><i class=\"fa fa-angle-left\"><\/i><\/div>\n\t\t\t<div class=\"wpcp-next-button swiper-button-next\"><i class=\"fa fa-angle-right\"><\/i><\/div>\n\t\t\t<\/div>\n\t<\/div>\n<\/div>\n<\/p>\n<h3><span style=\"color: #484848;\">Tr\u00eas acomoda\u00e7\u00f5es de naturismo em Portugal<\/span><\/h3>\n<p style=\"text-align: justify;\"><span style=\"color: #484848;\">O monte \u00e9 composto de 4 alojamentos: Casa Arco-\u00cdris<\/span><\/a> para 2-5 pessoas e <a href=\"https:\/\/samonatura.com\/?page_id=183&amp;lang=pt\"><span style=\"color: #484848;\">Casa P\u00f4r-do-Sol<\/span><\/a>, um est\u00fadio amplo para 2 pessoas. <a href=\"https:\/\/samonatura.com\/accomodaties\/casa-rio-miro\/?lang=pt\"><span style=\"color: #484848;\">Casa Rio Mira<\/span><\/a>, uma casa em madeira para 2 pessoas.<a href=\"https:\/\/samonatura.com\/pt\/accomodaties\/casa-do-mar\/\" target=\"_blank\" rel=\"noopener noreferrer\">Casa do Mar<\/a>  uma casa para 2 pessoas.<br \/>\nAs nossas acomoda\u00e7\u00f5es s\u00e3o totalmente mobiladas e oferecem privacidade e conforto para uma estadia maravilhosa. Conseguimos dar informa\u00e7\u00f5es completas sobre a cultura da regi\u00e3o, com sugest\u00f5es para promov\u00ea-la e explorar o ambiente maravilhoso que este local oferece.<\/span><\/p>\n<h3 style=\"text-align: center;\">Samonatura Promotional Films:<\/h3>\n<p>&nbsp;<\/p>\n<p><center><iframe loading=\"lazy\" src=\"https:\/\/www.youtube.com\/embed\/0PDWFVmqQrY\" width=\"560\" height=\"315\" frameborder=\"0\" allowfullscreen=\"allowfullscreen\"><\/iframe><\/center>&nbsp;<\/p>\n<h3><span style=\"color: #484848;\">Nota:<\/span><\/h3>\n<p>informamos que o caminho que sai da estrada principal para chegar ao nosso alojamento \u00e9 em terra batida, no \u00faltimo meio quil\u00f3metro. Devendo assim, conduzir com cuidado porque dependendo das condi\u00e7\u00f5es climat\u00e9ricas pode ser mais ou menos irregular e inst\u00e1vel na condu\u00e7\u00e3o.<\/p>\n","protected":false},"excerpt":{"rendered":"<p>\u00c9 muito bem-vindo para umas f\u00e9rias maravilhosas na nossa propriedade.<\/p>\n<p style=\"text-align: justify;\">Um peda\u00e7o de terra onde a paz e a natureza se unem, longe da vida quotidiana e principalmente onde pode desfrutar do sossego de um ambiente relaxante e ao mesmo tempo ter a oportunidade de andar ao natural. Este belo lugar situa-se contra <span style=\"color:#777\"> . . . &rarr; Read More: <a href=\"https:\/\/samonatura.com\/pt\/\">Bemvindos<\/a><\/span><\/p>\n","protected":false},"author":1,"featured_media":0,"parent":0,"menu_order":0,"comment_status":"closed","ping_status":"closed","template":"","meta":{"footnotes":""},"class_list":["post-36","page","type-page","status-publish","hentry","odd"],"_links":{"self":[{"href":"https:\/\/samonatura.com\/pt\/wp-json\/wp\/v2\/pages\/36","targetHints":{"allow":["GET"]}}],"collection":[{"href":"https:\/\/samonatura.com\/pt\/wp-json\/wp\/v2\/pages"}],"about":[{"href":"https:\/\/samonatura.com\/pt\/wp-json\/wp\/v2\/types\/page"}],"author":[{"embeddable":true,"href":"https:\/\/samonatura.com\/pt\/wp-json\/wp\/v2\/users\/1"}],"replies":[{"embeddable":true,"href":"https:\/\/samonatura.com\/pt\/wp-json\/wp\/v2\/comments?post=36"}],"version-history":[{"count":15,"href":"https:\/\/samonatura.com\/pt\/wp-json\/wp\/v2\/pages\/36\/revisions"}],"predecessor-version":[{"id":2058,"href":"https:\/\/samonatura.com\/pt\/wp-json\/wp\/v2\/pages\/36\/revisions\/2058"}],"wp:attachment":[{"href":"https:\/\/samonatura.com\/pt\/wp-json\/wp\/v2\/media?parent=36"}],"curies":[{"name":"wp","href":"https:\/\/api.w.org\/{rel}","templated":true}]}}