{"id":33,"date":"2010-06-15T10:31:22","date_gmt":"2010-06-15T10:31:22","guid":{"rendered":"https:\/\/samonatura.com\/?page_id=33"},"modified":"2025-01-04T20:13:11","modified_gmt":"2025-01-04T19:13:11","slug":"prijzen","status":"publish","type":"page","link":"https:\/\/samonatura.com\/pt\/prijzen\/","title":{"rendered":"Pre\u00e7os e disponibilidade"},"content":{"rendered":"<p>Para 2025 os pre\u00e7os s\u00e3o:<\/p>\n<h2 style=\"text-align: left;\">Casa Arco Iris, Casa P\u00f4r do Sol, Casa do Mar en Casa Rio Mira.<\/h2>\n<p><strong>\u00c9poca alta = Abril &#8211; Outubro<\/strong> Para 2 pessoas: 115\u20ac\/noite Cada pessoa (crian\u00e7a ou adulto) extra: 20\u20ac\/noite.<br \/>\n<strong>\u00c9poca baixa = Janeiro a Mar\u00e7o &#8211; Novembro e dezembro<\/strong> Para 2 pessoas: 85\u20ac\/noite Cada pessoa (crian\u00e7a ou adulto) extra: 20\u20ac\/noite.<\/p>\n<h6>* Os pre\u00e7os de inverno e baixa temporada n\u00e3o incluem os custos de aquecimento. Estadia m\u00ednima de 3 noites.<\/h6>\n<h6>* Os custos de limpeza s\u00e3o de 30,00\u20ac. Estes s\u00e3o obrigat\u00f3rios e devem ser pagos em dinheiro na chegada.<\/h6>\n<p>.<\/p>\n<hr align=\"left\" width=\"300\" \/>\n<p><strong>Inclu\u00eddo no pre\u00e7o:<\/strong> Roupa de cama, toalhas de praia, roup\u00f5es, toalhas, uso da maquina de lavar roupa, da sauna e do jacuzzi e obviamente da piscina. Temos cama e cadeira de bebe dispon\u00edvel. Se, na \u00e9poca baixa, pretende alugar uma acomoda\u00e7\u00e3o mais de um m\u00eas, entre em contacto connosco para tarif\u00e1rios especiais.<\/p>\n<p>A disponibilidade de nossas casas voc\u00ea pode ver no lado direito desta p\u00e1gina simplesmente os calend\u00e1rios da casa de sua prefer\u00eancia para pagina\u00e7\u00e3o. <strong>Estaremos fechados de 1\u00ba de novembro de 2024 a 1\u00ba de mar\u00e7o de 2025.<\/strong><\/p>\n<p><span style=\"color: #ffffff; background-color: blue;\">Hoje<\/span><br \/>\n<span style=\"color: #ffffff; background-color: #ff0000;\">Reservado<\/span><br \/>\n<span style=\"color: #000000; background-color: #d8d8d8;\">Dispon\u00edvel<\/span><\/p>\n","protected":false},"excerpt":{"rendered":"<p>Para 2025 os pre\u00e7os s\u00e3o:<\/p>\n<p> Casa Arco Iris, Casa P\u00f4r do Sol, Casa do Mar en Casa Rio Mira. <\/p>\n<p>\u00c9poca alta = Abril &#8211; Outubro Para 2 pessoas: 115\u20ac\/noite Cada pessoa (crian\u00e7a ou adulto) extra: 20\u20ac\/noite. \u00c9poca baixa = Janeiro a Mar\u00e7o &#8211; Novembro e dezembro Para 2 pessoas: 85\u20ac\/noite Cada pessoa (crian\u00e7a ou adulto) <span style=\"color:#777\"> . . . &rarr; Read More: <a href=\"https:\/\/samonatura.com\/pt\/prijzen\/\">Pre\u00e7os e disponibilidade<\/a><\/span><\/p>\n","protected":false},"author":1,"featured_media":0,"parent":0,"menu_order":7,"comment_status":"closed","ping_status":"closed","template":"","meta":{"footnotes":""},"class_list":["post-33","page","type-page","status-publish","hentry","odd"],"_links":{"self":[{"href":"https:\/\/samonatura.com\/pt\/wp-json\/wp\/v2\/pages\/33","targetHints":{"allow":["GET"]}}],"collection":[{"href":"https:\/\/samonatura.com\/pt\/wp-json\/wp\/v2\/pages"}],"about":[{"href":"https:\/\/samonatura.com\/pt\/wp-json\/wp\/v2\/types\/page"}],"author":[{"embeddable":true,"href":"https:\/\/samonatura.com\/pt\/wp-json\/wp\/v2\/users\/1"}],"replies":[{"embeddable":true,"href":"https:\/\/samonatura.com\/pt\/wp-json\/wp\/v2\/comments?post=33"}],"version-history":[{"count":11,"href":"https:\/\/samonatura.com\/pt\/wp-json\/wp\/v2\/pages\/33\/revisions"}],"predecessor-version":[{"id":2050,"href":"https:\/\/samonatura.com\/pt\/wp-json\/wp\/v2\/pages\/33\/revisions\/2050"}],"wp:attachment":[{"href":"https:\/\/samonatura.com\/pt\/wp-json\/wp\/v2\/media?parent=33"}],"curies":[{"name":"wp","href":"https:\/\/api.w.org\/{rel}","templated":true}]}}