{"id":31,"date":"2010-06-15T10:30:37","date_gmt":"2010-06-15T10:30:37","guid":{"rendered":"https:\/\/samonatura.com\/?page_id=31"},"modified":"2019-02-16T13:27:54","modified_gmt":"2019-02-16T12:27:54","slug":"contact","status":"publish","type":"page","link":"https:\/\/samonatura.com\/pt\/contact\/","title":{"rendered":"Contato"},"content":{"rendered":"<p>Para mais informa\u00e7\u00f5es ou reservas: <a href=\"mailto:samonatura@gmail.com\">samonatura@gmail.com<\/a><\/p>\n<p><strong>Localiza\u00e7\u00e3o<\/strong><br \/>\nMorada: Monte Novo de Samouquerinha, S\u00e3o Lu\u00eds<br \/>\nGPS: 37\u00b043&#8217;41.90&#8243; N 8\u00b042&#8217;29.13&#8243;O<\/p>\n<p><strong>Correspond\u00eancia:<\/strong><br \/>\nFam\u00edlia Pronk<br \/>\nHerdade A de Mateus,<br \/>\nApartado 97<br \/>\n7630-909 Odemira PORTUGAL<br \/>\nTelem\u00f3vel Martine Pronk: 967939397<br \/>\nTelem\u00f3vel Jos Pronk: 965068165<\/p>\n<p>Website: <a href=\"https:\/\/samonatura.com\/\">www.samonatura.com<\/a><br \/>\nEmail: <a href=\"mailto:samonatura@gmail.com\">samonatura@gmail.com<\/a><\/p>\n","protected":false},"excerpt":{"rendered":"<p>Para mais informa\u00e7\u00f5es ou reservas: samonatura@gmail.com<\/p>\n<p>Localiza\u00e7\u00e3o Morada: Monte Novo de Samouquerinha, S\u00e3o Lu\u00eds GPS: 37\u00b043&#8217;41.90&#8243; N 8\u00b042&#8217;29.13&#8243;O<\/p>\n<p>Correspond\u00eancia: Fam\u00edlia Pronk Herdade A de Mateus, Apartado 97 7630-909 Odemira PORTUGAL Telem\u00f3vel Martine Pronk: 967939397 Telem\u00f3vel Jos Pronk: 965068165<\/p>\n<p>Website: www.samonatura.com Email: samonatura@gmail.com<\/p>\n","protected":false},"author":1,"featured_media":0,"parent":0,"menu_order":8,"comment_status":"closed","ping_status":"closed","template":"","meta":{"footnotes":""},"class_list":["post-31","page","type-page","status-publish","hentry","odd"],"_links":{"self":[{"href":"https:\/\/samonatura.com\/pt\/wp-json\/wp\/v2\/pages\/31","targetHints":{"allow":["GET"]}}],"collection":[{"href":"https:\/\/samonatura.com\/pt\/wp-json\/wp\/v2\/pages"}],"about":[{"href":"https:\/\/samonatura.com\/pt\/wp-json\/wp\/v2\/types\/page"}],"author":[{"embeddable":true,"href":"https:\/\/samonatura.com\/pt\/wp-json\/wp\/v2\/users\/1"}],"replies":[{"embeddable":true,"href":"https:\/\/samonatura.com\/pt\/wp-json\/wp\/v2\/comments?post=31"}],"version-history":[{"count":0,"href":"https:\/\/samonatura.com\/pt\/wp-json\/wp\/v2\/pages\/31\/revisions"}],"wp:attachment":[{"href":"https:\/\/samonatura.com\/pt\/wp-json\/wp\/v2\/media?parent=31"}],"curies":[{"name":"wp","href":"https:\/\/api.w.org\/{rel}","templated":true}]}}