{"id":28,"date":"2010-06-15T10:29:01","date_gmt":"2010-06-15T10:29:01","guid":{"rendered":"https:\/\/samonatura.com\/?page_id=28"},"modified":"2014-02-09T22:09:42","modified_gmt":"2014-02-09T22:09:42","slug":"aktiviteiten","status":"publish","type":"page","link":"https:\/\/samonatura.com\/pt\/aktiviteiten\/","title":{"rendered":"Atividades"},"content":{"rendered":"<p style=\"text-align: justify;\">H\u00e1 uma abund\u00e2ncia de bons lugares para visitar e sempre h\u00e1 um mercado pr\u00f3ximo. As localidades mais pr\u00f3ximas do Samonatura s\u00e3o Vila Nova de Milfontes e Odemira. Aqui encontra excelentes restaurantes, lojas, mercado, supermercados e \u2026 claro praias. Tamb\u00e9m o Cercal e Porto Covo s\u00e3o aldeias que definitivamente merecem uma visita.<\/p>\n<p>[slideshow_deploy id=&#8217;827&#8242;]<\/p>\n<h2 style=\"text-align: justify;\">Cultura<\/h2>\n<p>No campo cultural, existem, especialmente no Ver\u00e3o, muitos entretenimentos. Cada aldeia tem os seus festivais. Em Sines existe um festival anual de m\u00fasica do mundo e Odemira tem, no m\u00eas de Junho noites de jazz ao ar livre. No in\u00edcio de Agosto existe todos os anos um grande festival de m\u00fasica ao p\u00e9 da Zambujeira do Mar mais precisamente na Herdade da Casa Branca, o Sudoeste, sempre com grandes nomes da m\u00fasica portuguesa e internacional em cartaz. Todos os anos, em Julho, na vila de S\u00e3o Teot\u00f3nio (25 km) d\u00e1-se lugar \u00e0 feira da Faceco, aqui, a agricultura e as empresas presentes na zona de Odemira exp\u00f5em os seus trabalhos nesta \u00e1rea. Este \u00e9 um acontecimento que \u00e9 enquadrado pela cultura e m\u00fasica e que vale a pena visitar. H\u00e1 todos os tipos de concursos, exposi\u00e7\u00f5es de v\u00e1rios of\u00edcios tradicionais e concertos at\u00e9 \u00e0 noite. Silves (30-40 km) vive cada ano, em Agosto, duas semanas na Idade M\u00e9dia em torno do castelo. Existem v\u00e1rias as actividades e bancas de venda tudo enquadrado naquela \u00e9poca medieval\u2026\u00e9 uma boa oportunidade de sermos Reis e Rainhas por umas horas \u00e9 muito agrad\u00e1vel para visitar. Cidades costeiras, como Zambujeira do Mar, Vila Nova de Milfontes e Porto Covo oferecem algumas boas lojas, mas para boas compras tem de ir para lugares como Lagos e Albufeira. Para lembran\u00e7as, n\u00e3o precisa de ir muito longe. Estamos aqui para ajudar com bons endere\u00e7os. Para uma viagem de um dia agrad\u00e1vel, a escava\u00e7\u00e3o Mir\u00f3briga Romana, em Santiago do Cac\u00e9m \u00e9 uma boa op\u00e7\u00e3o.<br \/>\nEm \u00c9vora (mais de 2 horas de carro), pode visitar diversos monumentos hist\u00f3ricos, tal como o Templo de Diana.<br \/>\nO famoso Algarve \u00e9 muito bonito, vale definitivamente a pena de fazer uma viagem de um dia para a bela cidade de Lagos (1 hora de carro) onde pode fazer um passeio de barco ao longo da costa rochosa vermelha com fal\u00e9sias e grutas. Onde at\u00e9 golfinhos podem ser vistos. Mas, Albufeira, Faro, Silves e Portim\u00e3o s\u00e3o apenas 1,5-2 horas de carro. Podemos inform\u00e1-lo sobre o que pode fazer e visitar nesta bela regi\u00e3o de Portugal.<\/p>\n<h2 style=\"text-align: justify;\">Caminhar<\/h2>\n<p>[slideshow_deploy id=&#8217;836&#8242;]<\/p>\n<h2 style=\"text-align: justify;\">BTT<\/h2>\n<p>[slideshow_deploy id=&#8217;841&#8242;]<\/p>\n<h2 style=\"text-align: justify;\">\u00c0 praia!<\/h2>\n<p>[slideshow_deploy id=&#8217;849&#8242;]<\/p>\n","protected":false},"excerpt":{"rendered":"<p style=\"text-align: justify;\">H\u00e1 uma abund\u00e2ncia de bons lugares para visitar e sempre h\u00e1 um mercado pr\u00f3ximo. As localidades mais pr\u00f3ximas do Samonatura s\u00e3o Vila Nova de Milfontes e Odemira. Aqui encontra excelentes restaurantes, lojas, mercado, supermercados e \u2026 claro praias. Tamb\u00e9m o Cercal e Porto Covo s\u00e3o aldeias que definitivamente merecem uma visita.<\/p>\n<p>[slideshow_deploy id=&#8217;827&#8242;]<\/p>\n<p> <span style=\"color:#777\"> . . . &rarr; Read More: <a href=\"https:\/\/samonatura.com\/pt\/aktiviteiten\/\">Atividades<\/a><\/span><\/p>\n","protected":false},"author":1,"featured_media":0,"parent":0,"menu_order":5,"comment_status":"closed","ping_status":"closed","template":"","meta":{"footnotes":""},"class_list":["post-28","page","type-page","status-publish","hentry","odd"],"_links":{"self":[{"href":"https:\/\/samonatura.com\/pt\/wp-json\/wp\/v2\/pages\/28","targetHints":{"allow":["GET"]}}],"collection":[{"href":"https:\/\/samonatura.com\/pt\/wp-json\/wp\/v2\/pages"}],"about":[{"href":"https:\/\/samonatura.com\/pt\/wp-json\/wp\/v2\/types\/page"}],"author":[{"embeddable":true,"href":"https:\/\/samonatura.com\/pt\/wp-json\/wp\/v2\/users\/1"}],"replies":[{"embeddable":true,"href":"https:\/\/samonatura.com\/pt\/wp-json\/wp\/v2\/comments?post=28"}],"version-history":[{"count":0,"href":"https:\/\/samonatura.com\/pt\/wp-json\/wp\/v2\/pages\/28\/revisions"}],"wp:attachment":[{"href":"https:\/\/samonatura.com\/pt\/wp-json\/wp\/v2\/media?parent=28"}],"curies":[{"name":"wp","href":"https:\/\/api.w.org\/{rel}","templated":true}]}}