{"id":181,"date":"2010-07-22T17:59:28","date_gmt":"2010-07-22T17:59:28","guid":{"rendered":"https:\/\/samonatura.com\/?page_id=181"},"modified":"2025-01-04T19:20:02","modified_gmt":"2025-01-04T18:20:02","slug":"appartement","status":"publish","type":"page","link":"https:\/\/samonatura.com\/pt\/accomodaties\/appartement\/","title":{"rendered":"Casa Arco-\u00cdris"},"content":{"rendered":"<p><p>A Casa Arco-\u00cdris est\u00e1 adjacente \u00e0 Casa Lua Nova, mas tem o seu pr\u00f3prio car\u00e1cter. Tem uma entrada e terra\u00e7o privado e tamb\u00e9m tem um s\u00f3t\u00e3o onde tem uma cama de casal. Podem ficar aqui entre 2-6 pessoas. O apartamento \u00e9 decorado com bom gosto e tem uma bela vista para o mar.<\/p>\n<p><\/br><br \/>\n<style id=\"wp_carousel_dynamic_css1904\">.sp-wp-carousel-free-id-1904.wpcf-fancybox-wrapper .fancybox-bg{background: #0b0b0b;opacity: 0.8;}.sp-wp-carousel-free-id-1904.wpcf-fancybox-wrapper .fancybox-navigation .fancybox-button .wpcp-fancybox-nav-arrow i {color: #ccc;}.sp-wp-carousel-free-id-1904.wpcf-fancybox-wrapper .fancybox-navigation .fancybox-button .wpcp-fancybox-nav-arrow i:hover {color: #fff;}.sp-wp-carousel-free-id-1904.wpcf-fancybox-wrapper .fancybox-navigation .fancybox-button {background: #1e1e1e;}.sp-wp-carousel-free-id-1904.wpcf-fancybox-wrapper .fancybox-navigation .fancybox-button:hover {background: #1e1e1e;}#sp-wp-carousel-free-id-1904 .wpcp-swiper-dots {margin: 40px 0px 0px 0px;}.wpcp-wrapper-1904 .swiper-wrapper .swiper-slide-kenburn, .wpcp-wrapper-1904 .swiper-wrapper, .wpcp-wrapper-1904 .wpcpro-row{align-items: center;}#sp-wp-carousel-free-id-1904 .wpcp-single-item {box-shadow: 0px 0px 0px 0px #dddddd;transition: all .3s;margin: 0px;}#sp-wp-carousel-free-id-1904.swiper-flip .wpcp-single-item{margin: 0!important;}#sp-wp-carousel-free-id-1904 .wpcp-single-item:hover {box-shadow: 0px 0px 0px 0px #dddddd;}#sp-wp-carousel-free-id-1904.sp-wpcp-1904 .wpcp-single-item {border: 0px solid ;}#sp-wp-carousel-free-id-1904.sp-wpcp-1904 .swiper-button-prev,#sp-wp-carousel-free-id-1904.sp-wpcp-1904 .swiper-button-next,#sp-wp-carousel-free-id-1904.sp-wpcp-1904 .swiper-button-prev:hover,#sp-wp-carousel-free-id-1904.sp-wpcp-1904 .swiper-button-next:hover {background: none;border: none;font-size: 30px;}#sp-wp-carousel-free-id-1904.sp-wpcp-1904 .swiper-button-prev i,#sp-wp-carousel-free-id-1904.sp-wpcp-1904 .swiper-button-next i {color: #aaa;}#sp-wp-carousel-free-id-1904.sp-wpcp-1904 .swiper-button-prev i:hover,#sp-wp-carousel-free-id-1904.sp-wpcp-1904 .swiper-button-next i:hover {color: #178087;}#sp-wp-carousel-free-id-1904.sp-wpcp-1904 .wpcp-swiper-dots .swiper-pagination-bullet {background-color: #cccccc;}#sp-wp-carousel-free-id-1904.sp-wpcp-1904 .wpcp-swiper-dots .swiper-pagination-bullet.swiper-pagination-bullet-active {background-color: #178087;} #sp-wp-carousel-free-id-1904.sp-wpcp-1904.wpcp-image-carousel .wpcp-single-item:hover img, #sp-wp-carousel-free-id-1904.sp-wpcp-1904.wpcp-post-carousel .wpcp-single-item:hover img, #sp-wp-carousel-free-id-1904.sp-wpcp-1904.wpcp-product-carousel .wpcp-single-item:hover img{-webkit-transform: scale(1.2);-moz-transform: scale(1.2);transform: scale(1.2);}@media screen and (max-width: 479px) {#sp-wp-carousel-free-id-1904.nav-vertical-center {padding: 0;margin:0;}#sp-wp-carousel-free-id-1904.nav-vertical-center .wpcp-next-button,#sp-wp-carousel-free-id-1904.nav-vertical-center .wpcp-prev-button {display: none;}}#sp-wp-carousel-free-id-1904 .wpcpro-row>[class*=\"wpcpro-col-\"] { padding: 0 2.5px; padding-bottom: 5px;} #sp-wp-carousel-free-id-1904 .swiper-slide .single-item-fade:not(:last-child) { margin-right: 5px;}@media (min-width: 480px) { .wpcpro-row .wpcpro-col-sm-1 { flex: 0 0 100%; max-width: 100%; } .wpcpro-row .wpcpro-col-sm-2 { flex: 0 0 50%; max-width: 50%; } .wpcpro-row .wpcpro-col-sm-2-5 { flex: 0 0 75%; max-width: 75%; } .wpcpro-row .wpcpro-col-sm-3 { flex: 0 0 33.333%; max-width: 33.333%; } .wpcpro-row .wpcpro-col-sm-4 { flex: 0 0 25%; max-width: 25%; } .wpcpro-row .wpcpro-col-sm-5 { flex: 0 0 20%; max-width: 20%; } .wpcpro-row .wpcpro-col-sm-6 { flex: 0 0 16.66666666666667%; max-width: 16.66666666666667%; } .wpcpro-row .wpcpro-col-sm-7 { flex: 0 0 14.28571428%; max-width: 14.28571428%; } .wpcpro-row .wpcpro-col-sm-8 { flex: 0 0 12.5%; max-width: 12.5%; } } @media (max-width: 480px) { .wpcpro-row .wpcpro-col-xs-1 { flex: 0 0 100%; max-width: 100%; } .wpcpro-row .wpcpro-col-xs-2 { flex: 0 0 50%; max-width: 50%; } .wpcpro-row .wpcpro-col-xs-3 { flex: 0 0 33.222%; max-width: 33.222%; } .wpcpro-row .wpcpro-col-xs-4 { flex: 0 0 25%; max-width: 25%; } .wpcpro-row .wpcpro-col-xs-5 { flex: 0 0 20%; max-width: 20%; } .wpcpro-row .wpcpro-col-xs-6 { flex: 0 0 16.6667%; max-width: 16.6667%; } .wpcpro-row .wpcpro-col-xs-7 { flex: 0 0 14.28571428%; max-width: 14.28571428%; } .wpcpro-row .wpcpro-col-xs-8 { flex: 0 0 12.5%; max-width: 12.5%; } } @media (min-width: 736px) { .wpcpro-row .wpcpro-col-md-1 { flex: 0 0 100%; max-width: 100%; } .wpcpro-row .wpcpro-col-md-2 { flex: 0 0 50%; max-width: 50%; } .wpcpro-row .wpcpro-col-md-2-5 { flex: 0 0 75%; max-width: 75%; } .wpcpro-row .wpcpro-col-md-3 { flex: 0 0 33.333%; max-width: 33.333%; } .wpcpro-row .wpcpro-col-md-4 { flex: 0 0 25%; max-width: 25%; } .wpcpro-row .wpcpro-col-md-5 { flex: 0 0 20%; max-width: 20%; } .wpcpro-row .wpcpro-col-md-6 { flex: 0 0 16.66666666666667%; max-width: 16.66666666666667%; } .wpcpro-row .wpcpro-col-md-7 { flex: 0 0 14.28571428%; max-width: 14.28571428%; } .wpcpro-row .wpcpro-col-md-8 { flex: 0 0 12.5%; max-width: 12.5%; } } @media (min-width: 980px) { .wpcpro-row .wpcpro-col-lg-1 { flex: 0 0 100%; max-width: 100%; } .wpcpro-row .wpcpro-col-lg-2 { flex: 0 0 50%; max-width: 50%; } .wpcpro-row .wpcpro-col-lg-3 { flex: 0 0 33.222%; max-width: 33.222%; } .wpcpro-row .wpcpro-col-lg-4 { flex: 0 0 25%; max-width: 25%; } .wpcpro-row .wpcpro-col-lg-5 { flex: 0 0 20%; max-width: 20%; } .wpcpro-row .wpcpro-col-lg-6 { flex: 0 0 16.6667%; max-width: 16.6667%; } .wpcpro-row .wpcpro-col-lg-7 { flex: 0 0 14.28571428%; max-width: 14.28571428%; } .wpcpro-row .wpcpro-col-lg-8 { flex: 0 0 12.5%; max-width: 12.5%; } } @media (min-width: 1200px) { .wpcpro-row .wpcpro-col-xl-1 { flex: 0 0 100%; max-width: 100%; } .wpcpro-row .wpcpro-col-xl-2 { flex: 0 0 50%; max-width: 50%; } .wpcpro-row .wpcpro-col-xl-3 { flex: 0 0 33.22222222%; max-width: 33.22222222%; } .wpcpro-row .wpcpro-col-xl-4 { flex: 0 0 25%; max-width: 25%; } .wpcpro-row .wpcpro-col-xl-5 { flex: 0 0 20%; max-width: 20%; } .wpcpro-row .wpcpro-col-xl-6 { flex: 0 0 16.66667%; max-width: 16.66667%; } .wpcpro-row .wpcpro-col-xl-7 { flex: 0 0 14.28571428%; max-width: 14.28571428%; } .wpcpro-row .wpcpro-col-xl-8 { flex: 0 0 12.5%; max-width: 12.5%; } }<\/style><div class=\"wpcp-carousel-wrapper wpcp-wrapper-1904\">\n\t<div id=\"wpcp-preloader-1904\" class=\"wpcp-carousel-preloader\"><img decoding=\"async\" src=\"https:\/\/samonatura.com\/wp-content\/plugins\/wp-carousel-free\/public\/css\/spinner.svg\" alt=\"Preloader Image\" \/><\/div>\t<div class=\"wpcp-carousel-content-wrapper\">\n\t<div id=\"sp-wp-carousel-free-id-1904\" class=\"wpcp-carousel-section sp-wpcp-1904  nav-vertical-center wpcp-image-carousel wpcp-preloader wpcp-standard\" data-swiper='{ &quot;pagination_type&quot;: &quot;dots&quot;,&quot;accessibility&quot;:true, &quot;spaceBetween&quot;:5, &quot;arrows&quot;:true, &quot;freeMode&quot;: false, &quot;autoplay&quot;:true, &quot;effect&quot;: &quot;&quot;, &quot;centerMode&quot;: false, &quot;autoplaySpeed&quot;:3000, &quot;dots&quot;:true, &quot;infinite&quot;:true, &quot;speed&quot;:600, &quot;pauseOnHover&quot;:true,\n\t\t\t&quot;slidesToShow&quot;:{&quot;lg_desktop&quot;:4, &quot;desktop&quot;: 4, &quot;laptop&quot;: 3, &quot;tablet&quot;: 2, &quot;mobile&quot;: 1}, &quot;responsive&quot;:{&quot;desktop&quot;:1200, &quot;laptop&quot;: 980, &quot;tablet&quot;: 736, &quot;mobile&quot;: 480}, &quot;rtl&quot;:false, &quot;lazyLoad&quot;: &quot;false&quot;, &quot;swipe&quot;: true, &quot;draggable&quot;: true, &quot;swipeToSlide&quot;:false }' dir=\"ltr\">\n\t\t<div class=\"swiper-wrapper\">\n\t\t<div class=\"swiper-slide\">\n\t<div class=\"wpcp-single-item\">\n\t\t\t<div class=\"wpcp-slide-image\">\n\t\t<img loading=\"lazy\" decoding=\"async\" class=\"skip-lazy\" src=\"https:\/\/samonatura.com\/wp-content\/uploads\/2023\/08\/50-169x300.jpeg\" alt=\"50\" width=\"169\" height=\"300\">\t<\/div>\n\t\t<\/div>\n<\/div>\n\t<div class=\"swiper-slide\">\n\t<div class=\"wpcp-single-item\">\n\t\t\t<div class=\"wpcp-slide-image\">\n\t\t<img loading=\"lazy\" decoding=\"async\" class=\"skip-lazy\" src=\"https:\/\/samonatura.com\/wp-content\/uploads\/2023\/08\/51-200x300.jpg\" alt=\"51\" width=\"200\" height=\"300\">\t<\/div>\n\t\t<\/div>\n<\/div>\n\t<div class=\"swiper-slide\">\n\t<div class=\"wpcp-single-item\">\n\t\t\t<div class=\"wpcp-slide-image\">\n\t\t<img loading=\"lazy\" decoding=\"async\" class=\"skip-lazy\" src=\"https:\/\/samonatura.com\/wp-content\/uploads\/2023\/08\/52-300x200.jpg\" alt=\"52\" width=\"300\" height=\"200\">\t<\/div>\n\t\t<\/div>\n<\/div>\n\t<div class=\"swiper-slide\">\n\t<div class=\"wpcp-single-item\">\n\t\t\t<div class=\"wpcp-slide-image\">\n\t\t<img loading=\"lazy\" decoding=\"async\" class=\"skip-lazy\" src=\"https:\/\/samonatura.com\/wp-content\/uploads\/2023\/08\/53-300x200.jpg\" alt=\"53\" width=\"300\" height=\"200\">\t<\/div>\n\t\t<\/div>\n<\/div>\n\t<div class=\"swiper-slide\">\n\t<div class=\"wpcp-single-item\">\n\t\t\t<div class=\"wpcp-slide-image\">\n\t\t<img loading=\"lazy\" decoding=\"async\" class=\"skip-lazy\" src=\"https:\/\/samonatura.com\/wp-content\/uploads\/2023\/08\/54-300x200.jpg\" alt=\"54\" width=\"300\" height=\"200\">\t<\/div>\n\t\t<\/div>\n<\/div>\n\t<div class=\"swiper-slide\">\n\t<div class=\"wpcp-single-item\">\n\t\t\t<div class=\"wpcp-slide-image\">\n\t\t<img loading=\"lazy\" decoding=\"async\" class=\"skip-lazy\" src=\"https:\/\/samonatura.com\/wp-content\/uploads\/2023\/08\/55-300x200.jpg\" alt=\"55\" width=\"300\" height=\"200\">\t<\/div>\n\t\t<\/div>\n<\/div>\n\t<div class=\"swiper-slide\">\n\t<div class=\"wpcp-single-item\">\n\t\t\t<div class=\"wpcp-slide-image\">\n\t\t<img loading=\"lazy\" decoding=\"async\" class=\"skip-lazy\" src=\"https:\/\/samonatura.com\/wp-content\/uploads\/2023\/08\/56-300x200.jpg\" alt=\"56\" width=\"300\" height=\"200\">\t<\/div>\n\t\t<\/div>\n<\/div>\n\t<div class=\"swiper-slide\">\n\t<div class=\"wpcp-single-item\">\n\t\t\t<div class=\"wpcp-slide-image\">\n\t\t<img loading=\"lazy\" decoding=\"async\" class=\"skip-lazy\" src=\"https:\/\/samonatura.com\/wp-content\/uploads\/2023\/08\/57-200x300.jpg\" alt=\"57\" width=\"200\" height=\"300\">\t<\/div>\n\t\t<\/div>\n<\/div>\n\t<div class=\"swiper-slide\">\n\t<div class=\"wpcp-single-item\">\n\t\t\t<div class=\"wpcp-slide-image\">\n\t\t<img loading=\"lazy\" decoding=\"async\" class=\"skip-lazy\" src=\"https:\/\/samonatura.com\/wp-content\/uploads\/2023\/08\/58-300x200.jpg\" alt=\"58\" width=\"300\" height=\"200\">\t<\/div>\n\t\t<\/div>\n<\/div>\n\t\t\t<\/div>\n\t\t\t\t\t<div class=\"wpcp-swiper-dots swiper-pagination\"><\/div>\n\t\t\t\t<!-- If we need navigation buttons -->\n\t\t\t\t\t<div class=\"wpcp-prev-button swiper-button-prev\"><i class=\"fa fa-angle-left\"><\/i><\/div>\n\t\t\t<div class=\"wpcp-next-button swiper-button-next\"><i class=\"fa fa-angle-right\"><\/i><\/div>\n\t\t\t<\/div>\n\t<\/div>\n<\/div>\n<br \/>\n<\/br><\/p>\n<ul>\n<li>Sala de estar:sof\u00e1, lareira, televis\u00e3o com canais holandeses e Portugueses, r\u00e1dio-CD player com conex\u00e3o USB<\/li>\n<li>Cozinha, totalmente equipada: mesa de jantar, frigor\u00edfico com congelador, fog\u00e3o a g\u00e1s, chaleira, cafeteira, torradeira<\/li>\n<li>Quarto: cama de casal, guarda-roupa<\/li>\n<li>2\u00ba Quarto: 2 camas de solteiro, guarda-roupa, 1 ber\u00e7o<\/li>\n<li>Casa de Banho: duche, lavat\u00f3rio, secador de cabelo, WC<\/li>\n<li>Terra\u00e7o: mesa de jantar com seis cadeiras, \u00e9 poss\u00edvel emprestar mais, 2 espregui\u00e7adeiras confort\u00e1veis. Como mencionado anteriormente, tem uma fant\u00e1stica vista sobre o Oceano Atl\u00e2ntico.<\/li>\n<\/ul>\n<p>Roupa de cama e toalhas s\u00e3o fornecidas, assim como toalhas grandes de praia e roup\u00f5es de banho. Guarda-sol e esteiras para a praia tamb\u00e9m est\u00e3o dispon\u00edveis.<\/p>\n<p>A Casa Lua\u00a0Nova\u00a0pode ser alugada separadamente ou em conjunto com a Casa Arco-\u00cdris. A porta dupla liga as duas casas, tornando-os adequados como alojamento para duas fam\u00edlias ou um grupo.<\/p>\n<h3>Disponibilidade:<\/h3>\n<p>Os dias de cor branco s\u00e3o dispon\u00edveis.<\/p>\n<script>\n\n\tjQuery(document).ready(function() {\n\t\t\n\t\tjQuery('#idname').fullCalendar({\n\t\t\theader: {\n\t\t\t\tleft: 'today',\n\t\t\t\tcenter: 'title',\n\t\t\t\tright: 'prev,next'\n\t\t\t},\n\t\t\teditable: false,\n\t\t\teventLimit: true, \/\/ allow link when too many events,\n\t\t\theight: 'auto',\n\t\t\teventClick: function(event) {\n     \t\t   if (event.url) {\n          \t\t  return false;\n        \t\t\t}\n    \t\t\t},\n\n\n\t\t\teventRender : function(event, element) {\n                    \/\/ Add qTip for each event.\n\t\t\t\tvar start = moment(event.start).format(\"hh:mm a\");\n\t\t\t\tvar end = moment(event.end).format(\"hh:mm a\");\n\n                    element.qtip({\n                        content: {\n                            text    : start +' to '+end+'<br>At: '+event.location,\n                            title   : {\n                                text    : event.title,\n                            }\n                        },\n                        position: {\n                            my : \"top center\",\n                            at : \"bottom center\",\n                            container : false,\n                            viewport : jQuery(window),\n                            adjust: {\n                            \t\/\/method : 'shift shift',\n                            }\n                        },\n                        style: {\n                            classes : event.tooltipStyleClass,\n                            width   : 150\n                        },\n                        hide: {\n                            fixed: true,\n                        }\n \n                    }); \/\/ end of element.qtip({\n \n                    \/\/element.tooltip();\n                },\n\n\t\t\tgoogleCalendarApiKey: 'AIzaSyBIyyH-Usf0Iy6ImzXbuoLx6r8-JXOAExg',\n     \n\t\t   events: 'https:\/\/www.googleapis.com\/calendar\/v3\/calendars\/q9hcvml04v8tcvlm7airm2aus8@group.calendar.google.com',\n     \t   \n\n\t\t});\n\n\t});\n\n<\/script>\n<div id='idname'><\/div>\n","protected":false},"excerpt":{"rendered":"<p><p>A Casa Arco-\u00cdris est\u00e1 adjacente \u00e0 Casa Lua Nova, mas tem o seu pr\u00f3prio car\u00e1cter. Tem uma entrada e terra\u00e7o privado e tamb\u00e9m tem um s\u00f3t\u00e3o onde tem uma cama de casal. Podem ficar aqui entre 2-6 pessoas. O apartamento \u00e9 decorado com bom gosto e tem uma bela vista para o mar.<\/p>\n<p> .sp-wp-carousel-free-id-1904.wpcf-fancybox-wrapper <span style=\"color:#777\"> . . . &rarr; Read More: <a href=\"https:\/\/samonatura.com\/pt\/accomodaties\/appartement\/\">Casa Arco-\u00cdris<\/a><\/span><\/p>\n","protected":false},"author":1,"featured_media":0,"parent":12,"menu_order":2,"comment_status":"closed","ping_status":"closed","template":"","meta":{"footnotes":""},"class_list":["post-181","page","type-page","status-publish","hentry","odd"],"_links":{"self":[{"href":"https:\/\/samonatura.com\/pt\/wp-json\/wp\/v2\/pages\/181","targetHints":{"allow":["GET"]}}],"collection":[{"href":"https:\/\/samonatura.com\/pt\/wp-json\/wp\/v2\/pages"}],"about":[{"href":"https:\/\/samonatura.com\/pt\/wp-json\/wp\/v2\/types\/page"}],"author":[{"embeddable":true,"href":"https:\/\/samonatura.com\/pt\/wp-json\/wp\/v2\/users\/1"}],"replies":[{"embeddable":true,"href":"https:\/\/samonatura.com\/pt\/wp-json\/wp\/v2\/comments?post=181"}],"version-history":[{"count":1,"href":"https:\/\/samonatura.com\/pt\/wp-json\/wp\/v2\/pages\/181\/revisions"}],"predecessor-version":[{"id":2038,"href":"https:\/\/samonatura.com\/pt\/wp-json\/wp\/v2\/pages\/181\/revisions\/2038"}],"up":[{"embeddable":true,"href":"https:\/\/samonatura.com\/pt\/wp-json\/wp\/v2\/pages\/12"}],"wp:attachment":[{"href":"https:\/\/samonatura.com\/pt\/wp-json\/wp\/v2\/media?parent=181"}],"curies":[{"name":"wp","href":"https:\/\/api.w.org\/{rel}","templated":true}]}}