{"id":1418,"date":"2016-03-29T19:54:31","date_gmt":"2016-03-29T19:54:31","guid":{"rendered":"https:\/\/samonatura.com\/?page_id=1418"},"modified":"2016-09-30T22:58:57","modified_gmt":"2016-09-30T22:58:57","slug":"2016-2","status":"publish","type":"page","link":"https:\/\/samonatura.com\/pt\/gastenboek\/2016-2\/","title":{"rendered":"2016"},"content":{"rendered":"<blockquote>\n<div dir=\"ltr\">\nBeste Jos en Martine,<br \/>\nwe zijn net terug van een heerlijke reis door Portugal, waarbij we 6 dagen in jullie Samonatura hebben verbleven. In die eerste dagen in jullie resort zijn we ontzettend goed uitgerust.<br \/>\nHet nadeel van een verblijf bij jullie is  dat andere verblijven daarna, hoe goed ook en hoe mooi qua omgeving, het in vergelijking met Samonatura moesten afleggen.<br \/>\nWe werden gastvrij ontvangen, inclusief een pannetje heerlijke soep, zodat we de eerste avond niet uit eten hoefden. Meteen is er rust. De keuken bevatte een grote basisuitrusting, inclusief afwasmiddel, zout en peper en bv olie en azijn.<br \/>\nHet huisje dat wij hadden was geweldig, de uitrusting van hoog niveau. Op bedden zijn wij vaak kritisch of gevoelig: jullie bedden zijn fantastisch, De wifi is goed, &#8216;s avonds kun je evt. in sauna of hottub, eventueel ook kijken naar Nederlandse televisiezenders. Aan alles is gedacht. Stoelen, ligbedden, kussens en matrassen. En natuurlijk ook nog de badjassen.<br \/>\nWat een genot om met een glaasje wijn &#8216; s avonds naar de ondergaande zon te kijken, met uitzicht op Vila Nova de Milfontes en de zee. En wat een rust in de omgeving, krekels en af en toe een hond, meer hoor je niet. <\/p>\n<p>We hebben ook nog de gelegenheid gehad om jullie prachtige melkveebedrijf te zien. Nederlands ondernemerschap in optima forma. <\/p>\n<p>Beste Jos en Martine, jullie hebben iets heel moois opgebouwd in Portugal. In eerste instantie natuurlijk door jullie melkveebedrijf, maar ook door het ontwikkelen van Samonatura.<br \/>\nWij zijn zeker van plan om in de komende jaren een of meer keren terug te keren naar Samonatura, voor ons de ideale plek om bij te komen, af te schakelen en uit te rusten. <\/p>\n<p>groet van<br \/>\nHans en Lidwien<\/p>\n<p>&#8212;&#8212;&#8212;&#8212;&#8212;&#8212;&#8212;&#8212;&#8212;&#8212;&#8212;&#8212;&#8212;&#8212;&#8212;&#8212;&#8212;&#8212;&#8212;&#8212;&#8212;&#8212;&#8212;&#8212;&#8212;&#8212;&#8212;&#8212;&#8212;&#8212;&#8212;&#8212;&#8212;&#8212;&#8212;&#8212;&#8212;&#8212;&#8212;&#8212;&#8212;&#8212;&#8212;&#8212;&#8212;&#8212;-<\/p>\n<p>hoi Martine en Jos,  <\/p>\n<p>&#8220;Zowel vorig als dit jaar zijn we op Samonatura geweest. Tegen onze gewoonte in, want we gaan maar zelden zo snel op een zelfde plaats terug.<\/p>\n<p>We gingen al automatisch uit van een aantal heerlijke zaken, zoals:<br \/>\nje hoeft geen handdoeken mee te nemen. De stoelen zitten en liggen echt heerlijk. Het is stil en er is een prachtige zonsondergang te zien vanaf het terras. De sauna, het bubbelbad als het wat kouder wordt. Enz., enz.<br \/>\nMaar er waren n\u00f3g meer fijne dingen:<br \/>\nhet blotevoetenpad, dat Jos heeft aangelegd met natuurlijke materialen. &#8216;s Ochtends liep ik het na een eerste kop thee op het terras en mijn lief koffie op bed te hebben gebracht. Het werkt door alsof je net een voetreflex-massage hebt gekregen. Daarna buiten af douchen en het frisse zwembad in. Mijn dag kon niet meer stuk!<br \/>\nOf dat ik de homeopatische pilletjes tegen zonallergie was vergeten en hun dochter het uit Nederland voor me meenam.<\/p>\n<p>Of de stukjes superverse geitenkaas die zij kregen van een boer en voor ons een stukje meenamen.<br \/>\nEn altijd de hartelijkheid waarmee Martine ons verzorgde, de levensenergie en idee\u00ebn die ze hebben, hun liefde voor het paradijsje dat ze van Samonatura hebben gemaakt.<\/p>\n<p>Jullie hebben iets heel bijzonders en we zijn rijk dat we hier van hebben mogen meegenieten.<br \/>\nTot de volgende keer!<\/p>\n<p>Kees en Em\u00f6ke&#8221;   <\/p>\n<p>&#8212;&#8212;&#8212;&#8212;&#8212;&#8212;&#8212;&#8212;&#8212;&#8212;&#8212;&#8212;&#8212;&#8212;&#8212;&#8212;&#8212;&#8212;&#8212;&#8212;&#8212;&#8212;&#8212;&#8212;&#8212;&#8212;&#8212;&#8212;&#8212;&#8212;&#8212;&#8212;&#8212;&#8212;&#8212;&#8212;&#8212;&#8212;&#8212;&#8212;&#8212;&#8212;&#8212;&#8212;&#8212;&#8212;-<\/p>\n<p>Martine,<br \/>\nNous voulons vous remercier pour votre accueil chaleureux et la dizaine de jours de r\u00eave que nous avons pass\u00e9 dans votre petit coin de paradis.<br \/>\nLa recette de votre disponibilit\u00e9, de la qui\u00e9tude des lieux, du confort des g\u00eetes, de la qualit\u00e9 des am\u00e9nagements int\u00e9rieurs et ext\u00e9rieurs o\u00f9 il ne manque rien, font de Samonatura une r\u00e9f\u00e9rence incontournable que nous conseillerons \u00e0 nos amis.<\/p>\n<p>Bravo, vous avez vraiment pens\u00e9 \u00e0 tout.<\/p>\n<p>Pour notre 1\u00e9re visite au Portugal, nous avons tr\u00e8s appr\u00e9ci\u00e9 ce pays et ses habitants et ce sera avec un immense plaisir que nous y reviendrons car nous avons encore beaucoup de choses \u00e0 d\u00e9couvrir.<\/p>\n<p>Merci \u00e0 Martine et Jos <\/p>\n<p>Ps : sans oublier les excellents l\u00e9gumes du potager<\/p>\n<p>Pascale et Michel<\/p>\n<p>&#8212;&#8212;&#8212;&#8212;&#8212;&#8212;&#8212;&#8212;&#8212;&#8212;&#8212;&#8212;&#8212;&#8212;&#8212;&#8212;&#8212;&#8212;&#8212;&#8212;&#8212;&#8212;&#8212;&#8212;&#8212;&#8212;&#8212;&#8212;&#8212;&#8212;&#8212;&#8212;&#8212;&#8212;&#8212;&#8212;&#8212;&#8212;&#8212;&#8212;&#8212;&#8212;&#8212;&#8212;&#8212;&#8212;-<\/p>\n<p>Beste Jos en Martine,<\/p>\n<p>Graag willen jullie bedanken voor het geweldige verblijf op Samonatura. Wij verbleven in Casa Lua Nova, waar we een schitterend uitzicht hadden over het dal en de Atlantische Oceaan. <\/p>\n<p>We hebben met name genoten van de ruimte, rust en vrijheid op jullie prachtige accommodatie en kijken met veel plezier terug op een heerlijke en ontspannen vakantie. <\/p>\n<p>De verwachtingen die jullie website ons gaven, zijn ruimschoots waargemaakt, sterker nog: de geuren, kleuren, de rust en het gevoel van vrijheid hebben die overtroffen en zijn niet in foto\u2019s uit te drukken. <\/p>\n<p>Het warme welkom met de heerlijke soep en de uitleg over wat er te doen is in de omgeving, het \u2018oogsten\u2019 van de groenten uit de tuin, de faciliteiten van het huis, de heerlijke bedden, de mooie ligbedden met heerlijke kussens, enz.. enz.. enz.<\/p>\n<p>Kortom: wij hebben genoten van jullie gastvrijheid, zonder het gevoel te hebben dat we bij iemand \u2018op bezoek\u2019 waren en daarmee werd onze privacy gerespecteerd. <\/p>\n<p>Dank voor de goede zorg en wellicht tot de volgende keer,<\/p>\n<p>Hartelijke groet,<\/p>\n<p>&#8212;&#8212;&#8212;&#8212;&#8212;&#8212;&#8212;&#8212;&#8212;&#8212;&#8212;&#8212;&#8212;&#8212;&#8212;&#8212;&#8212;&#8212;&#8212;&#8212;&#8212;&#8212;&#8212;&#8212;&#8212;&#8212;&#8212;&#8212;&#8212;&#8212;&#8212;&#8212;&#8212;&#8212;&#8212;&#8212;&#8212;&#8212;&#8212;&#8212;&#8212;&#8212;&#8212;&#8212;&#8212;&#8212;-<\/p>\n<p>Beste Martine en Jos,<\/p>\n<p>We willen jullie bedanken voor het fantastische verblijf in Samonatura. <\/p>\n<p>Het was in een woord geweldig. Het huis was perfect, de locatie, met het uitzicht, de bloemen, zwembad, jacuzzi en sauna. Maar ook de omgeving is interessant, met mooie stranden en leuke dorpjes. En Martine nog extra bedankt voor het begeleiden van Roos bij het halen van de prik.<\/p>\n<p>Ik heb wat foto&#8217;s bijgevoegd. Misschien hebben jullie er wat aan om op de website te zetten.<\/p>\n<p>hartelijke groet en hopelijk tot ziens!<br \/>\nmede namens Rosmarie<br \/>\nMaarten<\/p>\n<\/blockquote>\n<p>You can send your comment to <a href=\"mailto:samonatura@gmail.com\">samonatura@gmail.com<\/a><\/p>\n","protected":false},"excerpt":{"rendered":"<p> Beste Jos en Martine, we zijn net terug van een heerlijke reis door Portugal, waarbij we 6 dagen in jullie Samonatura hebben verbleven. In die eerste dagen in jullie resort zijn we ontzettend goed uitgerust. Het nadeel van een verblijf bij jullie is dat andere verblijven daarna, hoe goed ook en hoe mooi qua <span style=\"color:#777\"> . . . &rarr; Read More: <a href=\"https:\/\/samonatura.com\/pt\/gastenboek\/2016-2\/\">2016<\/a><\/span><\/p>\n","protected":false},"author":1,"featured_media":0,"parent":121,"menu_order":0,"comment_status":"closed","ping_status":"closed","template":"","meta":{"footnotes":""},"class_list":["post-1418","page","type-page","status-publish","hentry","odd"],"_links":{"self":[{"href":"https:\/\/samonatura.com\/pt\/wp-json\/wp\/v2\/pages\/1418","targetHints":{"allow":["GET"]}}],"collection":[{"href":"https:\/\/samonatura.com\/pt\/wp-json\/wp\/v2\/pages"}],"about":[{"href":"https:\/\/samonatura.com\/pt\/wp-json\/wp\/v2\/types\/page"}],"author":[{"embeddable":true,"href":"https:\/\/samonatura.com\/pt\/wp-json\/wp\/v2\/users\/1"}],"replies":[{"embeddable":true,"href":"https:\/\/samonatura.com\/pt\/wp-json\/wp\/v2\/comments?post=1418"}],"version-history":[{"count":0,"href":"https:\/\/samonatura.com\/pt\/wp-json\/wp\/v2\/pages\/1418\/revisions"}],"up":[{"embeddable":true,"href":"https:\/\/samonatura.com\/pt\/wp-json\/wp\/v2\/pages\/121"}],"wp:attachment":[{"href":"https:\/\/samonatura.com\/pt\/wp-json\/wp\/v2\/media?parent=1418"}],"curies":[{"name":"wp","href":"https:\/\/api.w.org\/{rel}","templated":true}]}}