{"id":10,"date":"2010-06-15T09:51:45","date_gmt":"2010-06-15T09:51:45","guid":{"rendered":"https:\/\/samonatura.com\/?page_id=10"},"modified":"2023-08-20T16:42:58","modified_gmt":"2023-08-20T15:42:58","slug":"ligging-en-omgeving","status":"publish","type":"page","link":"https:\/\/samonatura.com\/pt\/ligging-en-omgeving\/","title":{"rendered":"Localiza\u00e7\u00e3o"},"content":{"rendered":"<h3>samonatura est\u00e1 localizado no Alentejo.<\/h3>\n<p><a href=\"https:\/\/samonatura.com\/wp-content\/uploads\/2010\/06\/kaart.jpg\"><img loading=\"lazy\" decoding=\"async\" class=\"alignleft size-medium wp-image-981\" alt=\"\" src=\"https:\/\/samonatura.com\/wp-content\/uploads\/2010\/06\/kaart-300x230.jpg\" width=\"205\" height=\"157\" \/><\/a><\/p>\n<p style=\"text-align: justify;\">A propriedade \u00e9 constitu\u00edda por 9 hectares, dos quais 5 s\u00e3o cobertos de pinheiros e o resto \u00e9 natureza intocada rodeada por belas rochas, sendo essa parte uma extremidade da \u00e1rea protegida: Parque Natural do Sudoeste Alentejano e Costa Vicentina. <a style=\"color: #0000ff; text-align: left;\" href=\"http:\/\/maps.google.com\/maps\/ms?ie=UTF8&#038;hl=pt-PT&#038;msa=0&#038;msid=110905561515298519767.00048e34c56e2ce2013ca&#038;ll=37.728366,-8.708038&#038;spn=0.001273,0.001609&#038;z=18&#038;source=embed\">Veja aqui mapa no Google Maps<\/a><\/p>\n<h3 style=\"text-align: justify;\">Este parque estende-se desde o norte de Sines at\u00e9 Sagres, no extremo sudoeste do Algarve (tamb\u00e9m sendo a extremidade da Europa!).<\/h3>\n<p style=\"text-align: justify;\">Existem caminhos estipulados para caminhadas. Tamb\u00e9m \u00e9 poss\u00edvel praticar moutainbiking , quer ao longo da costa acidentada quer nas colinas circundantes. H\u00e1 tamb\u00e9m oportunidades para passeios a cavalo\u2026e claro, uma excurs\u00e3o \u00e0 nossa vacaria tamb\u00e9m \u00e9 poss\u00edvel.<\/p>\n<p><\/br><\/br><br \/>\n<style id=\"wp_carousel_dynamic_css1869\">.sp-wp-carousel-free-id-1869.wpcf-fancybox-wrapper .fancybox-bg{background: #0b0b0b;opacity: 0.8;}.sp-wp-carousel-free-id-1869.wpcf-fancybox-wrapper .fancybox-navigation .fancybox-button .wpcp-fancybox-nav-arrow i {color: #ccc;}.sp-wp-carousel-free-id-1869.wpcf-fancybox-wrapper .fancybox-navigation .fancybox-button .wpcp-fancybox-nav-arrow i:hover {color: #fff;}.sp-wp-carousel-free-id-1869.wpcf-fancybox-wrapper .fancybox-navigation .fancybox-button {background: #1e1e1e;}.sp-wp-carousel-free-id-1869.wpcf-fancybox-wrapper .fancybox-navigation .fancybox-button:hover {background: #1e1e1e;}#sp-wp-carousel-free-id-1869 .wpcp-swiper-dots {margin: 40px 0px 0px 0px;}.wpcp-wrapper-1869 .swiper-wrapper .swiper-slide-kenburn, .wpcp-wrapper-1869 .swiper-wrapper, .wpcp-wrapper-1869 .wpcpro-row{align-items: center;}#sp-wp-carousel-free-id-1869 .wpcp-single-item {box-shadow: 0px 0px 0px 0px #dddddd;transition: all .3s;margin: 0px;}#sp-wp-carousel-free-id-1869.swiper-flip .wpcp-single-item{margin: 0!important;}#sp-wp-carousel-free-id-1869 .wpcp-single-item:hover {box-shadow: 0px 0px 0px 0px #dddddd;}#sp-wp-carousel-free-id-1869.sp-wpcp-1869 .wpcp-single-item {border: 0px solid ;}#sp-wp-carousel-free-id-1869.sp-wpcp-1869 .swiper-button-prev,#sp-wp-carousel-free-id-1869.sp-wpcp-1869 .swiper-button-next,#sp-wp-carousel-free-id-1869.sp-wpcp-1869 .swiper-button-prev:hover,#sp-wp-carousel-free-id-1869.sp-wpcp-1869 .swiper-button-next:hover {background: none;border: none;font-size: 30px;}#sp-wp-carousel-free-id-1869.sp-wpcp-1869 .swiper-button-prev i,#sp-wp-carousel-free-id-1869.sp-wpcp-1869 .swiper-button-next i {color: #aaa;}#sp-wp-carousel-free-id-1869.sp-wpcp-1869 .swiper-button-prev i:hover,#sp-wp-carousel-free-id-1869.sp-wpcp-1869 .swiper-button-next i:hover {color: #178087;}#sp-wp-carousel-free-id-1869.sp-wpcp-1869 .wpcp-swiper-dots .swiper-pagination-bullet {background-color: #cccccc;}#sp-wp-carousel-free-id-1869.sp-wpcp-1869 .wpcp-swiper-dots .swiper-pagination-bullet.swiper-pagination-bullet-active {background-color: #178087;} #sp-wp-carousel-free-id-1869.sp-wpcp-1869.wpcp-image-carousel .wpcp-single-item:hover img, #sp-wp-carousel-free-id-1869.sp-wpcp-1869.wpcp-post-carousel .wpcp-single-item:hover img, #sp-wp-carousel-free-id-1869.sp-wpcp-1869.wpcp-product-carousel .wpcp-single-item:hover img{-webkit-transform: scale(1.2);-moz-transform: scale(1.2);transform: scale(1.2);}@media screen and (max-width: 479px) {#sp-wp-carousel-free-id-1869.nav-vertical-center {padding: 0;margin:0;}#sp-wp-carousel-free-id-1869.nav-vertical-center .wpcp-next-button,#sp-wp-carousel-free-id-1869.nav-vertical-center .wpcp-prev-button {display: none;}}#sp-wp-carousel-free-id-1869 .wpcpro-row>[class*=\"wpcpro-col-\"] { padding: 0 2.5px; padding-bottom: 5px;} #sp-wp-carousel-free-id-1869 .swiper-slide .single-item-fade:not(:last-child) { margin-right: 5px;}@media (min-width: 480px) { .wpcpro-row .wpcpro-col-sm-1 { flex: 0 0 100%; max-width: 100%; } .wpcpro-row .wpcpro-col-sm-2 { flex: 0 0 50%; max-width: 50%; } .wpcpro-row .wpcpro-col-sm-2-5 { flex: 0 0 75%; max-width: 75%; } .wpcpro-row .wpcpro-col-sm-3 { flex: 0 0 33.333%; max-width: 33.333%; } .wpcpro-row .wpcpro-col-sm-4 { flex: 0 0 25%; max-width: 25%; } .wpcpro-row .wpcpro-col-sm-5 { flex: 0 0 20%; max-width: 20%; } .wpcpro-row .wpcpro-col-sm-6 { flex: 0 0 16.66666666666667%; max-width: 16.66666666666667%; } .wpcpro-row .wpcpro-col-sm-7 { flex: 0 0 14.28571428%; max-width: 14.28571428%; } .wpcpro-row .wpcpro-col-sm-8 { flex: 0 0 12.5%; max-width: 12.5%; } } @media (max-width: 480px) { .wpcpro-row .wpcpro-col-xs-1 { flex: 0 0 100%; max-width: 100%; } .wpcpro-row .wpcpro-col-xs-2 { flex: 0 0 50%; max-width: 50%; } .wpcpro-row .wpcpro-col-xs-3 { flex: 0 0 33.222%; max-width: 33.222%; } .wpcpro-row .wpcpro-col-xs-4 { flex: 0 0 25%; max-width: 25%; } .wpcpro-row .wpcpro-col-xs-5 { flex: 0 0 20%; max-width: 20%; } .wpcpro-row .wpcpro-col-xs-6 { flex: 0 0 16.6667%; max-width: 16.6667%; } .wpcpro-row .wpcpro-col-xs-7 { flex: 0 0 14.28571428%; max-width: 14.28571428%; } .wpcpro-row .wpcpro-col-xs-8 { flex: 0 0 12.5%; max-width: 12.5%; } } @media (min-width: 736px) { .wpcpro-row .wpcpro-col-md-1 { flex: 0 0 100%; max-width: 100%; } .wpcpro-row .wpcpro-col-md-2 { flex: 0 0 50%; max-width: 50%; } .wpcpro-row .wpcpro-col-md-2-5 { flex: 0 0 75%; max-width: 75%; } .wpcpro-row .wpcpro-col-md-3 { flex: 0 0 33.333%; max-width: 33.333%; } .wpcpro-row .wpcpro-col-md-4 { flex: 0 0 25%; max-width: 25%; } .wpcpro-row .wpcpro-col-md-5 { flex: 0 0 20%; max-width: 20%; } .wpcpro-row .wpcpro-col-md-6 { flex: 0 0 16.66666666666667%; max-width: 16.66666666666667%; } .wpcpro-row .wpcpro-col-md-7 { flex: 0 0 14.28571428%; max-width: 14.28571428%; } .wpcpro-row .wpcpro-col-md-8 { flex: 0 0 12.5%; max-width: 12.5%; } } @media (min-width: 980px) { .wpcpro-row .wpcpro-col-lg-1 { flex: 0 0 100%; max-width: 100%; } .wpcpro-row .wpcpro-col-lg-2 { flex: 0 0 50%; max-width: 50%; } .wpcpro-row .wpcpro-col-lg-3 { flex: 0 0 33.222%; max-width: 33.222%; } .wpcpro-row .wpcpro-col-lg-4 { flex: 0 0 25%; max-width: 25%; } .wpcpro-row .wpcpro-col-lg-5 { flex: 0 0 20%; max-width: 20%; } .wpcpro-row .wpcpro-col-lg-6 { flex: 0 0 16.6667%; max-width: 16.6667%; } .wpcpro-row .wpcpro-col-lg-7 { flex: 0 0 14.28571428%; max-width: 14.28571428%; } .wpcpro-row .wpcpro-col-lg-8 { flex: 0 0 12.5%; max-width: 12.5%; } } @media (min-width: 1200px) { .wpcpro-row .wpcpro-col-xl-1 { flex: 0 0 100%; max-width: 100%; } .wpcpro-row .wpcpro-col-xl-2 { flex: 0 0 50%; max-width: 50%; } .wpcpro-row .wpcpro-col-xl-3 { flex: 0 0 33.22222222%; max-width: 33.22222222%; } .wpcpro-row .wpcpro-col-xl-4 { flex: 0 0 25%; max-width: 25%; } .wpcpro-row .wpcpro-col-xl-5 { flex: 0 0 20%; max-width: 20%; } .wpcpro-row .wpcpro-col-xl-6 { flex: 0 0 16.66667%; max-width: 16.66667%; } .wpcpro-row .wpcpro-col-xl-7 { flex: 0 0 14.28571428%; max-width: 14.28571428%; } .wpcpro-row .wpcpro-col-xl-8 { flex: 0 0 12.5%; max-width: 12.5%; } }<\/style><div class=\"wpcp-carousel-wrapper wpcp-wrapper-1869\">\n\t<div id=\"wpcp-preloader-1869\" class=\"wpcp-carousel-preloader\"><img decoding=\"async\" src=\"https:\/\/samonatura.com\/wp-content\/plugins\/wp-carousel-free\/public\/css\/spinner.svg\" alt=\"Preloader Image\" \/><\/div>\t<div class=\"wpcp-carousel-content-wrapper\">\n\t<div id=\"sp-wp-carousel-free-id-1869\" class=\"wpcp-carousel-section sp-wpcp-1869  nav-vertical-center wpcp-image-carousel wpcp-preloader wpcp-standard\" data-swiper='{ &quot;pagination_type&quot;: &quot;dots&quot;,&quot;accessibility&quot;:true, &quot;spaceBetween&quot;:5, &quot;arrows&quot;:true, &quot;freeMode&quot;: false, &quot;autoplay&quot;:true, &quot;effect&quot;: &quot;&quot;, &quot;centerMode&quot;: false, &quot;autoplaySpeed&quot;:3000, &quot;dots&quot;:true, &quot;infinite&quot;:true, &quot;speed&quot;:600, &quot;pauseOnHover&quot;:true,\n\t\t\t&quot;slidesToShow&quot;:{&quot;lg_desktop&quot;:4, &quot;desktop&quot;: 4, &quot;laptop&quot;: 3, &quot;tablet&quot;: 2, &quot;mobile&quot;: 1}, &quot;responsive&quot;:{&quot;desktop&quot;:1200, &quot;laptop&quot;: 980, &quot;tablet&quot;: 736, &quot;mobile&quot;: 480}, &quot;rtl&quot;:false, &quot;lazyLoad&quot;: &quot;false&quot;, &quot;swipe&quot;: true, &quot;draggable&quot;: true, &quot;swipeToSlide&quot;:false }' dir=\"ltr\">\n\t\t<div class=\"swiper-wrapper\">\n\t\t<div class=\"swiper-slide\">\n\t<div class=\"wpcp-single-item\">\n\t\t\t<div class=\"wpcp-slide-image\">\n\t\t<img loading=\"lazy\" decoding=\"async\" class=\"skip-lazy\" src=\"https:\/\/samonatura.com\/wp-content\/uploads\/2023\/08\/20-300x200.jpg\" alt=\"20\" width=\"300\" height=\"200\">\t<\/div>\n\t\t<\/div>\n<\/div>\n\t<div class=\"swiper-slide\">\n\t<div class=\"wpcp-single-item\">\n\t\t\t<div class=\"wpcp-slide-image\">\n\t\t<img loading=\"lazy\" decoding=\"async\" class=\"skip-lazy\" src=\"https:\/\/samonatura.com\/wp-content\/uploads\/2023\/08\/21-300x200.jpg\" alt=\"21\" width=\"300\" height=\"200\">\t<\/div>\n\t\t<\/div>\n<\/div>\n\t<div class=\"swiper-slide\">\n\t<div class=\"wpcp-single-item\">\n\t\t\t<div class=\"wpcp-slide-image\">\n\t\t<img loading=\"lazy\" decoding=\"async\" class=\"skip-lazy\" src=\"https:\/\/samonatura.com\/wp-content\/uploads\/2023\/08\/22-300x200.jpg\" alt=\"22\" width=\"300\" height=\"200\">\t<\/div>\n\t\t<\/div>\n<\/div>\n\t<div class=\"swiper-slide\">\n\t<div class=\"wpcp-single-item\">\n\t\t\t<div class=\"wpcp-slide-image\">\n\t\t<img loading=\"lazy\" decoding=\"async\" class=\"skip-lazy\" src=\"https:\/\/samonatura.com\/wp-content\/uploads\/2023\/08\/23-300x200.jpg\" alt=\"23\" width=\"300\" height=\"200\">\t<\/div>\n\t\t<\/div>\n<\/div>\n\t<div class=\"swiper-slide\">\n\t<div class=\"wpcp-single-item\">\n\t\t\t<div class=\"wpcp-slide-image\">\n\t\t<img loading=\"lazy\" decoding=\"async\" class=\"skip-lazy\" src=\"https:\/\/samonatura.com\/wp-content\/uploads\/2023\/08\/24-300x200.jpg\" alt=\"24\" width=\"300\" height=\"200\">\t<\/div>\n\t\t<\/div>\n<\/div>\n\t<div class=\"swiper-slide\">\n\t<div class=\"wpcp-single-item\">\n\t\t\t<div class=\"wpcp-slide-image\">\n\t\t<img loading=\"lazy\" decoding=\"async\" class=\"skip-lazy\" src=\"https:\/\/samonatura.com\/wp-content\/uploads\/2023\/08\/25-300x201.jpg\" alt=\"25\" width=\"300\" height=\"201\">\t<\/div>\n\t\t<\/div>\n<\/div>\n\t<div class=\"swiper-slide\">\n\t<div class=\"wpcp-single-item\">\n\t\t\t<div class=\"wpcp-slide-image\">\n\t\t<img loading=\"lazy\" decoding=\"async\" class=\"skip-lazy\" src=\"https:\/\/samonatura.com\/wp-content\/uploads\/2023\/08\/26-300x199.jpg\" alt=\"26\" width=\"300\" height=\"199\">\t<\/div>\n\t\t<\/div>\n<\/div>\n\t<div class=\"swiper-slide\">\n\t<div class=\"wpcp-single-item\">\n\t\t\t<div class=\"wpcp-slide-image\">\n\t\t<img loading=\"lazy\" decoding=\"async\" class=\"skip-lazy\" src=\"https:\/\/samonatura.com\/wp-content\/uploads\/2023\/08\/27-300x200.jpg\" alt=\"27\" width=\"300\" height=\"200\">\t<\/div>\n\t\t<\/div>\n<\/div>\n\t<div class=\"swiper-slide\">\n\t<div class=\"wpcp-single-item\">\n\t\t\t<div class=\"wpcp-slide-image\">\n\t\t<img loading=\"lazy\" decoding=\"async\" class=\"skip-lazy\" src=\"https:\/\/samonatura.com\/wp-content\/uploads\/2023\/08\/28-300x200.jpg\" alt=\"28\" width=\"300\" height=\"200\">\t<\/div>\n\t\t<\/div>\n<\/div>\n\t\t\t<\/div>\n\t\t\t\t\t<div class=\"wpcp-swiper-dots swiper-pagination\"><\/div>\n\t\t\t\t<!-- If we need navigation buttons -->\n\t\t\t\t\t<div class=\"wpcp-prev-button swiper-button-prev\"><i class=\"fa fa-angle-left\"><\/i><\/div>\n\t\t\t<div class=\"wpcp-next-button swiper-button-next\"><i class=\"fa fa-angle-right\"><\/i><\/div>\n\t\t\t<\/div>\n\t<\/div>\n<\/div>\n<br \/>\n<\/br><\/br><br \/>\nEsta regi\u00e3o de Portugal \u00e9 particularmente singular, pois o clima que oferece \u00e9 uma mistura de quente com fresco, pois como se situa \u00e0 beira do mar o ambiente torna-se ameno, ou seja no Inverno n\u00e3o \u00e9 muito frio e no Ver\u00e3o n\u00e3o \u00e9 muito quente. As temperaturas m\u00e9dias no Ver\u00e3o giram \u00e0 volta do 26-28\u00baC, sendo por isso muito agrad\u00e1vel. Al\u00e9m disso, h\u00e1 quase sempre uma brisa fresca.<\/p>\n<p><\/br><\/br><br \/>\n<style id=\"wp_carousel_dynamic_css1869\">.sp-wp-carousel-free-id-1869.wpcf-fancybox-wrapper .fancybox-bg{background: #0b0b0b;opacity: 0.8;}.sp-wp-carousel-free-id-1869.wpcf-fancybox-wrapper .fancybox-navigation .fancybox-button .wpcp-fancybox-nav-arrow i {color: #ccc;}.sp-wp-carousel-free-id-1869.wpcf-fancybox-wrapper .fancybox-navigation .fancybox-button .wpcp-fancybox-nav-arrow i:hover {color: #fff;}.sp-wp-carousel-free-id-1869.wpcf-fancybox-wrapper .fancybox-navigation .fancybox-button {background: #1e1e1e;}.sp-wp-carousel-free-id-1869.wpcf-fancybox-wrapper .fancybox-navigation .fancybox-button:hover {background: #1e1e1e;}#sp-wp-carousel-free-id-1869 .wpcp-swiper-dots {margin: 40px 0px 0px 0px;}.wpcp-wrapper-1869 .swiper-wrapper .swiper-slide-kenburn, .wpcp-wrapper-1869 .swiper-wrapper, .wpcp-wrapper-1869 .wpcpro-row{align-items: center;}#sp-wp-carousel-free-id-1869 .wpcp-single-item {box-shadow: 0px 0px 0px 0px #dddddd;transition: all .3s;margin: 0px;}#sp-wp-carousel-free-id-1869.swiper-flip .wpcp-single-item{margin: 0!important;}#sp-wp-carousel-free-id-1869 .wpcp-single-item:hover {box-shadow: 0px 0px 0px 0px #dddddd;}#sp-wp-carousel-free-id-1869.sp-wpcp-1869 .wpcp-single-item {border: 0px solid ;}#sp-wp-carousel-free-id-1869.sp-wpcp-1869 .swiper-button-prev,#sp-wp-carousel-free-id-1869.sp-wpcp-1869 .swiper-button-next,#sp-wp-carousel-free-id-1869.sp-wpcp-1869 .swiper-button-prev:hover,#sp-wp-carousel-free-id-1869.sp-wpcp-1869 .swiper-button-next:hover {background: none;border: none;font-size: 30px;}#sp-wp-carousel-free-id-1869.sp-wpcp-1869 .swiper-button-prev i,#sp-wp-carousel-free-id-1869.sp-wpcp-1869 .swiper-button-next i {color: #aaa;}#sp-wp-carousel-free-id-1869.sp-wpcp-1869 .swiper-button-prev i:hover,#sp-wp-carousel-free-id-1869.sp-wpcp-1869 .swiper-button-next i:hover {color: #178087;}#sp-wp-carousel-free-id-1869.sp-wpcp-1869 .wpcp-swiper-dots .swiper-pagination-bullet {background-color: #cccccc;}#sp-wp-carousel-free-id-1869.sp-wpcp-1869 .wpcp-swiper-dots .swiper-pagination-bullet.swiper-pagination-bullet-active {background-color: #178087;} #sp-wp-carousel-free-id-1869.sp-wpcp-1869.wpcp-image-carousel .wpcp-single-item:hover img, #sp-wp-carousel-free-id-1869.sp-wpcp-1869.wpcp-post-carousel .wpcp-single-item:hover img, #sp-wp-carousel-free-id-1869.sp-wpcp-1869.wpcp-product-carousel .wpcp-single-item:hover img{-webkit-transform: scale(1.2);-moz-transform: scale(1.2);transform: scale(1.2);}@media screen and (max-width: 479px) {#sp-wp-carousel-free-id-1869.nav-vertical-center {padding: 0;margin:0;}#sp-wp-carousel-free-id-1869.nav-vertical-center .wpcp-next-button,#sp-wp-carousel-free-id-1869.nav-vertical-center .wpcp-prev-button {display: none;}}#sp-wp-carousel-free-id-1869 .wpcpro-row>[class*=\"wpcpro-col-\"] { padding: 0 2.5px; padding-bottom: 5px;} #sp-wp-carousel-free-id-1869 .swiper-slide .single-item-fade:not(:last-child) { margin-right: 5px;}@media (min-width: 480px) { .wpcpro-row .wpcpro-col-sm-1 { flex: 0 0 100%; max-width: 100%; } .wpcpro-row .wpcpro-col-sm-2 { flex: 0 0 50%; max-width: 50%; } .wpcpro-row .wpcpro-col-sm-2-5 { flex: 0 0 75%; max-width: 75%; } .wpcpro-row .wpcpro-col-sm-3 { flex: 0 0 33.333%; max-width: 33.333%; } .wpcpro-row .wpcpro-col-sm-4 { flex: 0 0 25%; max-width: 25%; } .wpcpro-row .wpcpro-col-sm-5 { flex: 0 0 20%; max-width: 20%; } .wpcpro-row .wpcpro-col-sm-6 { flex: 0 0 16.66666666666667%; max-width: 16.66666666666667%; } .wpcpro-row .wpcpro-col-sm-7 { flex: 0 0 14.28571428%; max-width: 14.28571428%; } .wpcpro-row .wpcpro-col-sm-8 { flex: 0 0 12.5%; max-width: 12.5%; } } @media (max-width: 480px) { .wpcpro-row .wpcpro-col-xs-1 { flex: 0 0 100%; max-width: 100%; } .wpcpro-row .wpcpro-col-xs-2 { flex: 0 0 50%; max-width: 50%; } .wpcpro-row .wpcpro-col-xs-3 { flex: 0 0 33.222%; max-width: 33.222%; } .wpcpro-row .wpcpro-col-xs-4 { flex: 0 0 25%; max-width: 25%; } .wpcpro-row .wpcpro-col-xs-5 { flex: 0 0 20%; max-width: 20%; } .wpcpro-row .wpcpro-col-xs-6 { flex: 0 0 16.6667%; max-width: 16.6667%; } .wpcpro-row .wpcpro-col-xs-7 { flex: 0 0 14.28571428%; max-width: 14.28571428%; } .wpcpro-row .wpcpro-col-xs-8 { flex: 0 0 12.5%; max-width: 12.5%; } } @media (min-width: 736px) { .wpcpro-row .wpcpro-col-md-1 { flex: 0 0 100%; max-width: 100%; } .wpcpro-row .wpcpro-col-md-2 { flex: 0 0 50%; max-width: 50%; } .wpcpro-row .wpcpro-col-md-2-5 { flex: 0 0 75%; max-width: 75%; } .wpcpro-row .wpcpro-col-md-3 { flex: 0 0 33.333%; max-width: 33.333%; } .wpcpro-row .wpcpro-col-md-4 { flex: 0 0 25%; max-width: 25%; } .wpcpro-row .wpcpro-col-md-5 { flex: 0 0 20%; max-width: 20%; } .wpcpro-row .wpcpro-col-md-6 { flex: 0 0 16.66666666666667%; max-width: 16.66666666666667%; } .wpcpro-row .wpcpro-col-md-7 { flex: 0 0 14.28571428%; max-width: 14.28571428%; } .wpcpro-row .wpcpro-col-md-8 { flex: 0 0 12.5%; max-width: 12.5%; } } @media (min-width: 980px) { .wpcpro-row .wpcpro-col-lg-1 { flex: 0 0 100%; max-width: 100%; } .wpcpro-row .wpcpro-col-lg-2 { flex: 0 0 50%; max-width: 50%; } .wpcpro-row .wpcpro-col-lg-3 { flex: 0 0 33.222%; max-width: 33.222%; } .wpcpro-row .wpcpro-col-lg-4 { flex: 0 0 25%; max-width: 25%; } .wpcpro-row .wpcpro-col-lg-5 { flex: 0 0 20%; max-width: 20%; } .wpcpro-row .wpcpro-col-lg-6 { flex: 0 0 16.6667%; max-width: 16.6667%; } .wpcpro-row .wpcpro-col-lg-7 { flex: 0 0 14.28571428%; max-width: 14.28571428%; } .wpcpro-row .wpcpro-col-lg-8 { flex: 0 0 12.5%; max-width: 12.5%; } } @media (min-width: 1200px) { .wpcpro-row .wpcpro-col-xl-1 { flex: 0 0 100%; max-width: 100%; } .wpcpro-row .wpcpro-col-xl-2 { flex: 0 0 50%; max-width: 50%; } .wpcpro-row .wpcpro-col-xl-3 { flex: 0 0 33.22222222%; max-width: 33.22222222%; } .wpcpro-row .wpcpro-col-xl-4 { flex: 0 0 25%; max-width: 25%; } .wpcpro-row .wpcpro-col-xl-5 { flex: 0 0 20%; max-width: 20%; } .wpcpro-row .wpcpro-col-xl-6 { flex: 0 0 16.66667%; max-width: 16.66667%; } .wpcpro-row .wpcpro-col-xl-7 { flex: 0 0 14.28571428%; max-width: 14.28571428%; } .wpcpro-row .wpcpro-col-xl-8 { flex: 0 0 12.5%; max-width: 12.5%; } }<\/style><div class=\"wpcp-carousel-wrapper wpcp-wrapper-1869\">\n\t<div id=\"wpcp-preloader-1869\" class=\"wpcp-carousel-preloader\"><img decoding=\"async\" src=\"https:\/\/samonatura.com\/wp-content\/plugins\/wp-carousel-free\/public\/css\/spinner.svg\" alt=\"Preloader Image\" \/><\/div>\t<div class=\"wpcp-carousel-content-wrapper\">\n\t<div id=\"sp-wp-carousel-free-id-1869\" class=\"wpcp-carousel-section sp-wpcp-1869  nav-vertical-center wpcp-image-carousel wpcp-preloader wpcp-standard\" data-swiper='{ &quot;pagination_type&quot;: &quot;dots&quot;,&quot;accessibility&quot;:true, &quot;spaceBetween&quot;:5, &quot;arrows&quot;:true, &quot;freeMode&quot;: false, &quot;autoplay&quot;:true, &quot;effect&quot;: &quot;&quot;, &quot;centerMode&quot;: false, &quot;autoplaySpeed&quot;:3000, &quot;dots&quot;:true, &quot;infinite&quot;:true, &quot;speed&quot;:600, &quot;pauseOnHover&quot;:true,\n\t\t\t&quot;slidesToShow&quot;:{&quot;lg_desktop&quot;:4, &quot;desktop&quot;: 4, &quot;laptop&quot;: 3, &quot;tablet&quot;: 2, &quot;mobile&quot;: 1}, &quot;responsive&quot;:{&quot;desktop&quot;:1200, &quot;laptop&quot;: 980, &quot;tablet&quot;: 736, &quot;mobile&quot;: 480}, &quot;rtl&quot;:false, &quot;lazyLoad&quot;: &quot;false&quot;, &quot;swipe&quot;: true, &quot;draggable&quot;: true, &quot;swipeToSlide&quot;:false }' dir=\"ltr\">\n\t\t<div class=\"swiper-wrapper\">\n\t\t<div class=\"swiper-slide\">\n\t<div class=\"wpcp-single-item\">\n\t\t\t<div class=\"wpcp-slide-image\">\n\t\t<img loading=\"lazy\" decoding=\"async\" class=\"skip-lazy\" src=\"https:\/\/samonatura.com\/wp-content\/uploads\/2023\/08\/20-300x200.jpg\" alt=\"20\" width=\"300\" height=\"200\">\t<\/div>\n\t\t<\/div>\n<\/div>\n\t<div class=\"swiper-slide\">\n\t<div class=\"wpcp-single-item\">\n\t\t\t<div class=\"wpcp-slide-image\">\n\t\t<img loading=\"lazy\" decoding=\"async\" class=\"skip-lazy\" src=\"https:\/\/samonatura.com\/wp-content\/uploads\/2023\/08\/21-300x200.jpg\" alt=\"21\" width=\"300\" height=\"200\">\t<\/div>\n\t\t<\/div>\n<\/div>\n\t<div class=\"swiper-slide\">\n\t<div class=\"wpcp-single-item\">\n\t\t\t<div class=\"wpcp-slide-image\">\n\t\t<img loading=\"lazy\" decoding=\"async\" class=\"skip-lazy\" src=\"https:\/\/samonatura.com\/wp-content\/uploads\/2023\/08\/22-300x200.jpg\" alt=\"22\" width=\"300\" height=\"200\">\t<\/div>\n\t\t<\/div>\n<\/div>\n\t<div class=\"swiper-slide\">\n\t<div class=\"wpcp-single-item\">\n\t\t\t<div class=\"wpcp-slide-image\">\n\t\t<img loading=\"lazy\" decoding=\"async\" class=\"skip-lazy\" src=\"https:\/\/samonatura.com\/wp-content\/uploads\/2023\/08\/23-300x200.jpg\" alt=\"23\" width=\"300\" height=\"200\">\t<\/div>\n\t\t<\/div>\n<\/div>\n\t<div class=\"swiper-slide\">\n\t<div class=\"wpcp-single-item\">\n\t\t\t<div class=\"wpcp-slide-image\">\n\t\t<img loading=\"lazy\" decoding=\"async\" class=\"skip-lazy\" src=\"https:\/\/samonatura.com\/wp-content\/uploads\/2023\/08\/24-300x200.jpg\" alt=\"24\" width=\"300\" height=\"200\">\t<\/div>\n\t\t<\/div>\n<\/div>\n\t<div class=\"swiper-slide\">\n\t<div class=\"wpcp-single-item\">\n\t\t\t<div class=\"wpcp-slide-image\">\n\t\t<img loading=\"lazy\" decoding=\"async\" class=\"skip-lazy\" src=\"https:\/\/samonatura.com\/wp-content\/uploads\/2023\/08\/25-300x201.jpg\" alt=\"25\" width=\"300\" height=\"201\">\t<\/div>\n\t\t<\/div>\n<\/div>\n\t<div class=\"swiper-slide\">\n\t<div class=\"wpcp-single-item\">\n\t\t\t<div class=\"wpcp-slide-image\">\n\t\t<img loading=\"lazy\" decoding=\"async\" class=\"skip-lazy\" src=\"https:\/\/samonatura.com\/wp-content\/uploads\/2023\/08\/26-300x199.jpg\" alt=\"26\" width=\"300\" height=\"199\">\t<\/div>\n\t\t<\/div>\n<\/div>\n\t<div class=\"swiper-slide\">\n\t<div class=\"wpcp-single-item\">\n\t\t\t<div class=\"wpcp-slide-image\">\n\t\t<img loading=\"lazy\" decoding=\"async\" class=\"skip-lazy\" src=\"https:\/\/samonatura.com\/wp-content\/uploads\/2023\/08\/27-300x200.jpg\" alt=\"27\" width=\"300\" height=\"200\">\t<\/div>\n\t\t<\/div>\n<\/div>\n\t<div class=\"swiper-slide\">\n\t<div class=\"wpcp-single-item\">\n\t\t\t<div class=\"wpcp-slide-image\">\n\t\t<img loading=\"lazy\" decoding=\"async\" class=\"skip-lazy\" src=\"https:\/\/samonatura.com\/wp-content\/uploads\/2023\/08\/28-300x200.jpg\" alt=\"28\" width=\"300\" height=\"200\">\t<\/div>\n\t\t<\/div>\n<\/div>\n\t\t\t<\/div>\n\t\t\t\t\t<div class=\"wpcp-swiper-dots swiper-pagination\"><\/div>\n\t\t\t\t<!-- If we need navigation buttons -->\n\t\t\t\t\t<div class=\"wpcp-prev-button swiper-button-prev\"><i class=\"fa fa-angle-left\"><\/i><\/div>\n\t\t\t<div class=\"wpcp-next-button swiper-button-next\"><i class=\"fa fa-angle-right\"><\/i><\/div>\n\t\t\t<\/div>\n\t<\/div>\n<\/div>\n<br \/>\n<\/br><\/br><\/p>\n<p style=\"text-align: justify;\">Gostar\u00edamos de lhe convidar para visitar este belo espa\u00e7o, temos a certeza que ir\u00e1 adorar. Aguardamos a sua visita e esperamos receb\u00ea-lo para que possa vir descobrir esta parte intocada de Portugal!<\/p>\n<p>\u00a0<\/p>\n","protected":false},"excerpt":{"rendered":"<p>samonatura est\u00e1 localizado no Alentejo. <\/p>\n<p style=\"text-align: justify;\">A propriedade \u00e9 constitu\u00edda por 9 hectares, dos quais 5 s\u00e3o cobertos de pinheiros e o resto \u00e9 natureza intocada rodeada por belas rochas, sendo essa parte uma extremidade da \u00e1rea protegida: Parque Natural do Sudoeste Alentejano e Costa Vicentina. Veja aqui mapa no Google Maps<\/p>\n<p> Este <span style=\"color:#777\"> . . . &rarr; Read More: <a href=\"https:\/\/samonatura.com\/pt\/ligging-en-omgeving\/\">Localiza\u00e7\u00e3o<\/a><\/span><\/p>\n","protected":false},"author":1,"featured_media":0,"parent":0,"menu_order":2,"comment_status":"closed","ping_status":"closed","template":"","meta":{"footnotes":""},"class_list":["post-10","page","type-page","status-publish","hentry","odd"],"_links":{"self":[{"href":"https:\/\/samonatura.com\/pt\/wp-json\/wp\/v2\/pages\/10","targetHints":{"allow":["GET"]}}],"collection":[{"href":"https:\/\/samonatura.com\/pt\/wp-json\/wp\/v2\/pages"}],"about":[{"href":"https:\/\/samonatura.com\/pt\/wp-json\/wp\/v2\/types\/page"}],"author":[{"embeddable":true,"href":"https:\/\/samonatura.com\/pt\/wp-json\/wp\/v2\/users\/1"}],"replies":[{"embeddable":true,"href":"https:\/\/samonatura.com\/pt\/wp-json\/wp\/v2\/comments?post=10"}],"version-history":[{"count":0,"href":"https:\/\/samonatura.com\/pt\/wp-json\/wp\/v2\/pages\/10\/revisions"}],"wp:attachment":[{"href":"https:\/\/samonatura.com\/pt\/wp-json\/wp\/v2\/media?parent=10"}],"curies":[{"name":"wp","href":"https:\/\/api.w.org\/{rel}","templated":true}]}}